












{"id":56,"date":"2015-02-03T11:05:58","date_gmt":"2015-02-03T11:05:58","guid":{"rendered":"http:\/\/www.moldesura.com\/?page_id=56"},"modified":"2023-01-23T08:00:48","modified_gmt":"2023-01-23T08:00:48","slug":"calidad","status":"publish","type":"page","link":"https:\/\/www.moldesura.com\/en\/calidad\/","title":{"rendered":"Quality"},"content":{"rendered":"<p><div class=\"ezcol ezcol-two-fifth\"><a href=\"http:\/\/www.moldesura.com\/wp-content\/uploads\/2015\/02\/calidad1.jpg\"><img loading=\"lazy\" decoding=\"async\" class=\"alignnone size-full wp-image-112\" src=\"http:\/\/www.moldesura.com\/wp-content\/uploads\/2015\/02\/calidad1.jpg\" alt=\"Calidad Moldes Ura\" width=\"566\" height=\"378\" srcset=\"https:\/\/www.moldesura.com\/wp-content\/uploads\/2015\/02\/calidad1.jpg 566w, https:\/\/www.moldesura.com\/wp-content\/uploads\/2015\/02\/calidad1-300x200.jpg 300w\" sizes=\"auto, (max-width: 566px) 100vw, 566px\" \/><\/a><\/p>\n<p>A three- dimensional machine with traveles 1000 x 700 x 500<\/p>\n<p>A Projector and medition equipments<\/p>\n<p>Fixed and portable hardness testers<\/p>\n<\/div><\/p>\n<div class=\"ezcol ezcol-three-fifth ezcol-last\">\n<p><a href=\"https:\/\/www.moldesura.com\/wp-content\/uploads\/2022\/02\/ES124257ENACE.pdf\" target=\"_blank\" rel=\"noopener noreferrer\"><img loading=\"lazy\" decoding=\"async\" class=\" size-full wp-image-63 aligncenter\" src=\"https:\/\/www.moldesura.com\/wp-content\/uploads\/2022\/02\/certification-quality-2022.jpg\" alt=\"calidad ISO 9001:2008\" width=\"320\" height=\"458\" \/><\/a><\/p>\n<\/div><div class=\"ezcol-divider\"><\/div>\n<p>&nbsp;<\/p>\n<hr \/>\n<div class=\"hc_post_title_wrapper\">\n<h2><a href=\"https:\/\/www.moldesura.com\/calidad\/participacion-de-la-empresa-moldes-ura-en-proyectos-de-id\">&#8211; <\/a><a href=\"https:\/\/www.moldesura.com\/calidad\/participacion-de-la-empresa-moldes-ura-en-proyectos-de-id\"><img loading=\"lazy\" decoding=\"async\" class=\"alignleft wp-image-446\" src=\"http:\/\/www.moldesura.com\/wp-content\/uploads\/2020\/12\/bikura-150x150.jpg\" alt=\"\" width=\"100\" height=\"67\" srcset=\"https:\/\/www.moldesura.com\/wp-content\/uploads\/2020\/12\/bikura-300x202.jpg 300w, https:\/\/www.moldesura.com\/wp-content\/uploads\/2020\/12\/bikura.jpg 500w\" sizes=\"auto, (max-width: 100px) 100vw, 100px\" \/><\/a><a href=\"https:\/\/www.moldesura.com\/calidad\/participacion-de-la-empresa-moldes-ura-en-proyectos-de-id\">Participaci\u00f3n de la empresa Moldes Ura en proyectos Hazitek<\/a><\/h2>\n<\/div>\n<p><\/p>","protected":false},"excerpt":{"rendered":"<p>&nbsp; &#8211; Participaci\u00f3n de la empresa Moldes Ura en proyectos Hazitek<\/p>\n","protected":false},"author":2,"featured_media":0,"parent":0,"menu_order":0,"comment_status":"closed","ping_status":"open","template":"","meta":{"footnotes":""},"class_list":["post-56","page","type-page","status-publish","hentry"],"yoast_head":"<!-- This site is optimized with the Yoast SEO plugin v27.2 - https:\/\/yoast.com\/product\/yoast-seo-wordpress\/ -->\n<title>Calidad ISO - Molde Ura<\/title>\n<meta name=\"description\" content=\"Certificaci\u00f3n ISO 9001:2008 en dise\u00f1o y fabricaci\u00f3n de moldes de inyecci\u00f3n de pl\u00e1stico, aluminio, caucho y compresi\u00f3n, en Zamudio (Bizkaia).\" \/>\n<meta name=\"robots\" content=\"index, follow, max-snippet:-1, max-image-preview:large, max-video-preview:-1\" \/>\n<link rel=\"canonical\" href=\"https:\/\/www.moldesura.com\/calidad\/\" \/>\n<meta property=\"og:locale\" content=\"en_US\" \/>\n<meta property=\"og:type\" content=\"article\" \/>\n<meta property=\"og:title\" content=\"Calidad ISO - Molde Ura\" \/>\n<meta property=\"og:description\" content=\"Certificaci\u00f3n ISO 9001:2008 en dise\u00f1o y fabricaci\u00f3n de moldes de inyecci\u00f3n de pl\u00e1stico, aluminio, caucho y compresi\u00f3n, en Zamudio (Bizkaia).\" \/>\n<meta property=\"og:url\" content=\"https:\/\/www.moldesura.com\/calidad\/\" \/>\n<meta property=\"og:site_name\" content=\"Moldes Ura\" \/>\n<meta property=\"article:modified_time\" content=\"2023-01-23T08:00:48+00:00\" \/>\n<meta property=\"og:image\" content=\"http:\/\/www.moldesura.com\/wp-content\/uploads\/2015\/02\/calidad1.jpg\" \/>\n<meta name=\"twitter:label1\" content=\"Est. reading time\" \/>\n\t<meta name=\"twitter:data1\" content=\"1 minute\" \/>\n<script type=\"application\/ld+json\" class=\"yoast-schema-graph\">{\"@context\":\"https:\/\/schema.org\",\"@graph\":[{\"@type\":\"WebPage\",\"@id\":\"https:\/\/www.moldesura.com\/calidad\/\",\"url\":\"https:\/\/www.moldesura.com\/calidad\/\",\"name\":\"Calidad ISO - Molde Ura\",\"isPartOf\":{\"@id\":\"https:\/\/www.moldesura.com\/en\/#website\"},\"primaryImageOfPage\":{\"@id\":\"https:\/\/www.moldesura.com\/calidad\/#primaryimage\"},\"image\":{\"@id\":\"https:\/\/www.moldesura.com\/calidad\/#primaryimage\"},\"thumbnailUrl\":\"http:\/\/www.moldesura.com\/wp-content\/uploads\/2015\/02\/calidad1.jpg\",\"datePublished\":\"2015-02-03T11:05:58+00:00\",\"dateModified\":\"2023-01-23T08:00:48+00:00\",\"description\":\"Certificaci\u00f3n ISO 9001:2008 en dise\u00f1o y fabricaci\u00f3n de moldes de inyecci\u00f3n de pl\u00e1stico, aluminio, caucho y compresi\u00f3n, en Zamudio (Bizkaia).\",\"breadcrumb\":{\"@id\":\"https:\/\/www.moldesura.com\/calidad\/#breadcrumb\"},\"inLanguage\":\"en-US\",\"potentialAction\":[{\"@type\":\"ReadAction\",\"target\":[\"https:\/\/www.moldesura.com\/calidad\/\"]}]},{\"@type\":\"ImageObject\",\"inLanguage\":\"en-US\",\"@id\":\"https:\/\/www.moldesura.com\/calidad\/#primaryimage\",\"url\":\"http:\/\/www.moldesura.com\/wp-content\/uploads\/2015\/02\/calidad1.jpg\",\"contentUrl\":\"http:\/\/www.moldesura.com\/wp-content\/uploads\/2015\/02\/calidad1.jpg\"},{\"@type\":\"BreadcrumbList\",\"@id\":\"https:\/\/www.moldesura.com\/calidad\/#breadcrumb\",\"itemListElement\":[{\"@type\":\"ListItem\",\"position\":1,\"name\":\"Portada\",\"item\":\"https:\/\/www.moldesura.com\/en\/\"},{\"@type\":\"ListItem\",\"position\":2,\"name\":\"Calidad\"}]},{\"@type\":\"WebSite\",\"@id\":\"https:\/\/www.moldesura.com\/en\/#website\",\"url\":\"https:\/\/www.moldesura.com\/en\/\",\"name\":\"Moldes Ura\",\"description\":\"Dise\u00f1o y fabricaci\u00f3n de moldes de inyecci\u00f3n en Zamudio (Bizkaia)\",\"potentialAction\":[{\"@type\":\"SearchAction\",\"target\":{\"@type\":\"EntryPoint\",\"urlTemplate\":\"https:\/\/www.moldesura.com\/en\/?s={search_term_string}\"},\"query-input\":{\"@type\":\"PropertyValueSpecification\",\"valueRequired\":true,\"valueName\":\"search_term_string\"}}],\"inLanguage\":\"en-US\"}]}<\/script>\n<!-- \/ Yoast SEO plugin. -->","yoast_head_json":{"title":"Calidad ISO - Molde Ura","description":"Certificaci\u00f3n ISO 9001:2008 en dise\u00f1o y fabricaci\u00f3n de moldes de inyecci\u00f3n de pl\u00e1stico, aluminio, caucho y compresi\u00f3n, en Zamudio (Bizkaia).","robots":{"index":"index","follow":"follow","max-snippet":"max-snippet:-1","max-image-preview":"max-image-preview:large","max-video-preview":"max-video-preview:-1"},"canonical":"https:\/\/www.moldesura.com\/calidad\/","og_locale":"en_US","og_type":"article","og_title":"Calidad ISO - Molde Ura","og_description":"Certificaci\u00f3n ISO 9001:2008 en dise\u00f1o y fabricaci\u00f3n de moldes de inyecci\u00f3n de pl\u00e1stico, aluminio, caucho y compresi\u00f3n, en Zamudio (Bizkaia).","og_url":"https:\/\/www.moldesura.com\/calidad\/","og_site_name":"Moldes Ura","article_modified_time":"2023-01-23T08:00:48+00:00","og_image":[{"url":"http:\/\/www.moldesura.com\/wp-content\/uploads\/2015\/02\/calidad1.jpg","type":"","width":"","height":""}],"twitter_misc":{"Est. reading time":"1 minute"},"schema":{"@context":"https:\/\/schema.org","@graph":[{"@type":"WebPage","@id":"https:\/\/www.moldesura.com\/calidad\/","url":"https:\/\/www.moldesura.com\/calidad\/","name":"Calidad ISO - Molde Ura","isPartOf":{"@id":"https:\/\/www.moldesura.com\/en\/#website"},"primaryImageOfPage":{"@id":"https:\/\/www.moldesura.com\/calidad\/#primaryimage"},"image":{"@id":"https:\/\/www.moldesura.com\/calidad\/#primaryimage"},"thumbnailUrl":"http:\/\/www.moldesura.com\/wp-content\/uploads\/2015\/02\/calidad1.jpg","datePublished":"2015-02-03T11:05:58+00:00","dateModified":"2023-01-23T08:00:48+00:00","description":"Certificaci\u00f3n ISO 9001:2008 en dise\u00f1o y fabricaci\u00f3n de moldes de inyecci\u00f3n de pl\u00e1stico, aluminio, caucho y compresi\u00f3n, en Zamudio (Bizkaia).","breadcrumb":{"@id":"https:\/\/www.moldesura.com\/calidad\/#breadcrumb"},"inLanguage":"en-US","potentialAction":[{"@type":"ReadAction","target":["https:\/\/www.moldesura.com\/calidad\/"]}]},{"@type":"ImageObject","inLanguage":"en-US","@id":"https:\/\/www.moldesura.com\/calidad\/#primaryimage","url":"http:\/\/www.moldesura.com\/wp-content\/uploads\/2015\/02\/calidad1.jpg","contentUrl":"http:\/\/www.moldesura.com\/wp-content\/uploads\/2015\/02\/calidad1.jpg"},{"@type":"BreadcrumbList","@id":"https:\/\/www.moldesura.com\/calidad\/#breadcrumb","itemListElement":[{"@type":"ListItem","position":1,"name":"Portada","item":"https:\/\/www.moldesura.com\/en\/"},{"@type":"ListItem","position":2,"name":"Calidad"}]},{"@type":"WebSite","@id":"https:\/\/www.moldesura.com\/en\/#website","url":"https:\/\/www.moldesura.com\/en\/","name":"Moldes Ura","description":"Dise\u00f1o y fabricaci\u00f3n de moldes de inyecci\u00f3n en Zamudio (Bizkaia)","potentialAction":[{"@type":"SearchAction","target":{"@type":"EntryPoint","urlTemplate":"https:\/\/www.moldesura.com\/en\/?s={search_term_string}"},"query-input":{"@type":"PropertyValueSpecification","valueRequired":true,"valueName":"search_term_string"}}],"inLanguage":"en-US"}]}},"_links":{"self":[{"href":"https:\/\/www.moldesura.com\/en\/wp-json\/wp\/v2\/pages\/56","targetHints":{"allow":["GET"]}}],"collection":[{"href":"https:\/\/www.moldesura.com\/en\/wp-json\/wp\/v2\/pages"}],"about":[{"href":"https:\/\/www.moldesura.com\/en\/wp-json\/wp\/v2\/types\/page"}],"author":[{"embeddable":true,"href":"https:\/\/www.moldesura.com\/en\/wp-json\/wp\/v2\/users\/2"}],"replies":[{"embeddable":true,"href":"https:\/\/www.moldesura.com\/en\/wp-json\/wp\/v2\/comments?post=56"}],"version-history":[{"count":47,"href":"https:\/\/www.moldesura.com\/en\/wp-json\/wp\/v2\/pages\/56\/revisions"}],"predecessor-version":[{"id":543,"href":"https:\/\/www.moldesura.com\/en\/wp-json\/wp\/v2\/pages\/56\/revisions\/543"}],"wp:attachment":[{"href":"https:\/\/www.moldesura.com\/en\/wp-json\/wp\/v2\/media?parent=56"}],"curies":[{"name":"wp","href":"https:\/\/api.w.org\/{rel}","templated":true}]}}