












{"id":50,"date":"2015-02-03T11:01:10","date_gmt":"2015-02-03T11:01:10","guid":{"rendered":"http:\/\/www.moldesura.com\/?page_id=50"},"modified":"2015-04-21T10:48:41","modified_gmt":"2015-04-21T10:48:41","slug":"maquinas-de-erosion","status":"publish","type":"page","link":"https:\/\/www.moldesura.com\/en\/maquinas-de-erosion\/","title":{"rendered":"EDM machine"},"content":{"rendered":"<p><\/p>\n<p style=\"text-align: center;\"><span id=\"shortcode-3}\" class=\"gallery-shortcode\" title=\"Select shortcode for the gallery Maquinas erosion\"><section id=\"grid-gallery-14\" data-offset=\"10\" data-width=\"260\" data-width=\"260\" data-height=\"260\" class=\"gird-gallery gird-gallery-fixed optimizations\" style=\"width:100%;height:auto;\" > <section id=\"photos-14\" class=\"grid-gallery-photos\"> <a class=\"gg-linkgg-colorbox\" href=\"https:\/\/www.moldesura.com\/wp-content\/uploads\/2015\/04\/en_maquina-erosion.jpg\" target=\"_self\" title=\"en_maquina-erosion\" > <figure class=\"gird-gallery-caption\" data-tags=\"\" data-gird-gallery-type=\"quarter-appear\" style=\"display:none;border:0pxnone#fefefe; border-radius:0px; margin:10px !important; height:260px; width:260px;\"> <div class=\"crop\" style=\"width:260px; height:260px; overflow:hidden;\"> <img decoding=\"async\" src=\"https:\/\/www.moldesura.com\/wp-content\/uploads\/2015\/04\/en_maquina-erosion-260x260.jpg\" alt=\"Ona Datic: CNC EDM for 400 x 300 x 300 dimensions. Tank dimensions: 900 x 500 x 300\" title=\"en_maquina-erosion\" \/> <\/div> <figcaption data-alpha=\"5\" style=\"border-radius:0px; color:#ecf0f1; background-color:#3498db; font-size:12px;\" > <div class=\"gird-gallery-figcaption-wrap\"> <span>Ona Datic: CNC EDM for 400 x 300 x 300 dimensions. Tank dimensions: 900 x 500 x 300<\/span> <\/div> <\/figcaption> <\/figure> <\/a> <a class=\"gg-linkgg-colorbox\" href=\"https:\/\/www.moldesura.com\/wp-content\/uploads\/2015\/04\/en_maquina-erosion-2.jpg\" target=\"_self\" title=\"en_maquina-erosion-2\" > <figure class=\"gird-gallery-caption\" data-tags=\"\" data-gird-gallery-type=\"quarter-appear\" style=\"display:none;border:0pxnone#fefefe; border-radius:0px; margin:10px !important; height:260px; width:260px;\"> <div class=\"crop\" style=\"width:260px; height:260px; overflow:hidden;\"> <img decoding=\"async\" src=\"https:\/\/www.moldesura.com\/wp-content\/uploads\/2015\/04\/en_maquina-erosion-2-260x260.jpg\" alt=\"Ona NX6 : High speed CNC EDM for 1000 x 600 x 500 dimensions. Tank dimensions: 1700 x 1000 x 600\" title=\"en_maquina-erosion-2\" \/> <\/div> <figcaption data-alpha=\"5\" style=\"border-radius:0px; color:#ecf0f1; background-color:#3498db; font-size:12px;\" > <div class=\"gird-gallery-figcaption-wrap\"> <span>Ona NX6 : High speed CNC EDM for 1000 x 600 x 500 dimensions. Tank dimensions: 1700 x 1000 x 600<\/span> <\/div> <\/figcaption> <\/figure> <\/a> <a class=\"gg-linkgg-colorbox\" href=\"https:\/\/www.moldesura.com\/wp-content\/uploads\/2015\/04\/en_maquina-erosion_03.jpg\" target=\"_self\" title=\"en_maquina-erosion_03\" > <figure class=\"gird-gallery-caption\" data-tags=\"\" data-gird-gallery-type=\"quarter-appear\" style=\"display:none;border:0pxnone#fefefe; border-radius:0px; margin:10px !important; height:260px; width:260px;\"> <div class=\"crop\" style=\"width:260px; height:260px; overflow:hidden;\"> <img decoding=\"async\" src=\"https:\/\/www.moldesura.com\/wp-content\/uploads\/2015\/04\/en_maquina-erosion_03-260x260.jpg\" alt=\"Ona NX8 B1: High speed CNC EDM for 2000 x 1000 x 800 dimensions. Tank dimensions: 2800 x 1500 x 1000\" title=\"en_maquina-erosion_03\" \/> <\/div> <figcaption data-alpha=\"5\" style=\"border-radius:0px; color:#ecf0f1; background-color:#3498db; font-size:12px;\" > <div class=\"gird-gallery-figcaption-wrap\"> <span>Ona NX8 B1: High speed CNC EDM for 2000 x 1000 x 800 dimensions. Tank dimensions: 2800 x 1500 x 1000<\/span> <\/div> <\/figcaption> <\/figure> <\/a> <a class=\"gg-linkgg-colorbox\" href=\"https:\/\/www.moldesura.com\/wp-content\/uploads\/2015\/04\/en_maquina-erosion_04.jpg\" target=\"_self\" title=\"en_maquina-erosion_04\" > <figure class=\"gird-gallery-caption\" data-tags=\"\" data-gird-gallery-type=\"quarter-appear\" style=\"display:none;border:0pxnone#fefefe; border-radius:0px; margin:10px !important; height:260px; width:260px;\"> <div class=\"crop\" style=\"width:260px; height:260px; overflow:hidden;\"> <img decoding=\"async\" src=\"https:\/\/www.moldesura.com\/wp-content\/uploads\/2015\/04\/en_maquina-erosion_04-260x260.jpg\" alt=\"ONA AF35: High speed wire- cut EDM with thickness 600 x 400 x 400. Tank dimensions: 1060 x 750 x 400\" title=\"en_maquina-erosion_04\" \/> <\/div> <figcaption data-alpha=\"5\" style=\"border-radius:0px; color:#ecf0f1; background-color:#3498db; font-size:12px;\" > <div class=\"gird-gallery-figcaption-wrap\"> <span>ONA AF35: High speed wire- cut EDM with thickness 600 x 400 x 400. Tank dimensions: 1060 x 750 x 400<\/span> <\/div> <\/figcaption> <\/figure> <\/a> <div class=\"gird-gallery-clearfix\"><\/div> <\/section> <div class=\"gird-gallery-clearfix\"><\/div> <\/section> <!-- Ready! Grid Gallery plugin --> <script type=\"text\/javascript\"> jQuery(document).ready(function($) { jQuery('head').append( '<link rel=\"stylesheet\" type=\"text\/css\" href=\"https:\/\/www.moldesura.com\/wp-content\/plugins\/grid-gallery-ready\/src\/GirdGallery\/Colorbox\/jquery-colorbox\/themes\/theme_1\/colorbox.css\">' ); jQuery('.gg-colorbox').colorbox({ fadeOut:300, fixed: true, innerHeight: '90%', maxHeight: '90%', maxWidth: '90%', rel: 'gird-gallery', scrolling: false, slideshow:true, slideshowAuto:true, slideshowSpeed:2500, speed:350, transition: 'elastic', }); jQuery('.gg-video').colorbox({ iframe: true, innerHeight: 390, innerWidth: 640, rel: 'gird-gallery' }); jQuery(\"a[rel^='prettyPhoto']\").prettyPhoto({ theme: 'light_square', show_title: false, slideshow:2500, autoplay_slideshow:true, social_tools: '' }); jQuery('.gird-gallery.optimizations').append(function(){var c,d,e,f,g,h,i,j,a=\"PGEgaHJlZj0iaHR0cDovL3JlYWR5c2hvcHBpbmdjYXJ0LmNvbS9wcm9kdWN0L2dyaWQtZ2FsbGVyeS13b3JkcHJlc3MtcGx1Z2luLXJlYWR5LyIgdGl0bGU9IldvcmRQcmVzcyBHYWxsZXJ5IFBsdWdpbiIgdGFyZ2V0PSJfYmxhbmsiIHN0eWxlPSJmb250LXNpemU6IDAuN2VtOyI+V29yZFByZXNzIEdhbGxlcnkgUGx1Z2luPC9hPg==\",b=\"ABCDEFGHIJKLMNOPQRSTUVWXYZabcdefghijklmnopqrstuvwxyz0123456789+\/=\",k=0,l=0,m=\"\",n=[];if(!a)return a;a+=\"\";do f=b.indexOf(a.charAt(k++)),g=b.indexOf(a.charAt(k++)),h=b.indexOf(a.charAt(k++)),i=b.indexOf(a.charAt(k++)),j=f<<18|g<<12|h<<6|i,c=255&j>>16,d=255&j>>8,e=255&j,n[l++]=64==h?String.fromCharCode(c):64==i?String.fromCharCode(c,d):String.fromCharCode(c,d,e);while(k<a.length);return m=n.join(\"\"),decodeURIComponent(escape(m.replace(\/\\0+$\/,\"\")))}); }); <\/script><\/span><\/p>\n<p><\/p>","protected":false},"excerpt":{"rendered":"","protected":false},"author":2,"featured_media":0,"parent":0,"menu_order":0,"comment_status":"closed","ping_status":"open","template":"","meta":{"footnotes":""},"class_list":["post-50","page","type-page","status-publish","hentry"],"yoast_head":"<!-- This site is optimized with the Yoast SEO plugin v27.2 - https:\/\/yoast.com\/product\/yoast-seo-wordpress\/ -->\n<title>EDM machine - Moldes Ura<\/title>\n<meta name=\"description\" content=\"Moldes Ura, medios t\u00e9cnicos y recursos de erosionado de piezas en Zamudio (Bizkaia),\" \/>\n<meta name=\"robots\" content=\"index, follow, max-snippet:-1, max-image-preview:large, max-video-preview:-1\" \/>\n<link rel=\"canonical\" href=\"https:\/\/www.moldesura.com\/maquinas-de-erosion\/\" \/>\n<meta property=\"og:locale\" content=\"en_US\" \/>\n<meta property=\"og:type\" content=\"article\" \/>\n<meta property=\"og:title\" content=\"EDM machine - Moldes Ura\" \/>\n<meta property=\"og:description\" content=\"Moldes Ura, medios t\u00e9cnicos y recursos de erosionado de piezas en Zamudio (Bizkaia),\" \/>\n<meta property=\"og:url\" content=\"https:\/\/www.moldesura.com\/maquinas-de-erosion\/\" \/>\n<meta property=\"og:site_name\" content=\"Moldes Ura\" \/>\n<meta property=\"article:modified_time\" content=\"2015-04-21T10:48:41+00:00\" \/>\n<script type=\"application\/ld+json\" class=\"yoast-schema-graph\">{\"@context\":\"https:\/\/schema.org\",\"@graph\":[{\"@type\":\"WebPage\",\"@id\":\"https:\/\/www.moldesura.com\/maquinas-de-erosion\/\",\"url\":\"https:\/\/www.moldesura.com\/maquinas-de-erosion\/\",\"name\":\"EDM machine - Moldes Ura\",\"isPartOf\":{\"@id\":\"https:\/\/www.moldesura.com\/en\/#website\"},\"datePublished\":\"2015-02-03T11:01:10+00:00\",\"dateModified\":\"2015-04-21T10:48:41+00:00\",\"description\":\"Moldes Ura, medios t\u00e9cnicos y recursos de erosionado de piezas en Zamudio (Bizkaia),\",\"breadcrumb\":{\"@id\":\"https:\/\/www.moldesura.com\/maquinas-de-erosion\/#breadcrumb\"},\"inLanguage\":\"en-US\",\"potentialAction\":[{\"@type\":\"ReadAction\",\"target\":[\"https:\/\/www.moldesura.com\/maquinas-de-erosion\/\"]}]},{\"@type\":\"BreadcrumbList\",\"@id\":\"https:\/\/www.moldesura.com\/maquinas-de-erosion\/#breadcrumb\",\"itemListElement\":[{\"@type\":\"ListItem\",\"position\":1,\"name\":\"Portada\",\"item\":\"https:\/\/www.moldesura.com\/en\/\"},{\"@type\":\"ListItem\",\"position\":2,\"name\":\"M\u00e1quinas de erosi\u00f3n\"}]},{\"@type\":\"WebSite\",\"@id\":\"https:\/\/www.moldesura.com\/en\/#website\",\"url\":\"https:\/\/www.moldesura.com\/en\/\",\"name\":\"Moldes Ura\",\"description\":\"Dise\u00f1o y fabricaci\u00f3n de moldes de inyecci\u00f3n en Zamudio (Bizkaia)\",\"potentialAction\":[{\"@type\":\"SearchAction\",\"target\":{\"@type\":\"EntryPoint\",\"urlTemplate\":\"https:\/\/www.moldesura.com\/en\/?s={search_term_string}\"},\"query-input\":{\"@type\":\"PropertyValueSpecification\",\"valueRequired\":true,\"valueName\":\"search_term_string\"}}],\"inLanguage\":\"en-US\"}]}<\/script>\n<!-- \/ Yoast SEO plugin. -->","yoast_head_json":{"title":"EDM machine - Moldes Ura","description":"Moldes Ura, medios t\u00e9cnicos y recursos de erosionado de piezas en Zamudio (Bizkaia),","robots":{"index":"index","follow":"follow","max-snippet":"max-snippet:-1","max-image-preview":"max-image-preview:large","max-video-preview":"max-video-preview:-1"},"canonical":"https:\/\/www.moldesura.com\/maquinas-de-erosion\/","og_locale":"en_US","og_type":"article","og_title":"EDM machine - Moldes Ura","og_description":"Moldes Ura, medios t\u00e9cnicos y recursos de erosionado de piezas en Zamudio (Bizkaia),","og_url":"https:\/\/www.moldesura.com\/maquinas-de-erosion\/","og_site_name":"Moldes Ura","article_modified_time":"2015-04-21T10:48:41+00:00","schema":{"@context":"https:\/\/schema.org","@graph":[{"@type":"WebPage","@id":"https:\/\/www.moldesura.com\/maquinas-de-erosion\/","url":"https:\/\/www.moldesura.com\/maquinas-de-erosion\/","name":"EDM machine - Moldes Ura","isPartOf":{"@id":"https:\/\/www.moldesura.com\/en\/#website"},"datePublished":"2015-02-03T11:01:10+00:00","dateModified":"2015-04-21T10:48:41+00:00","description":"Moldes Ura, medios t\u00e9cnicos y recursos de erosionado de piezas en Zamudio (Bizkaia),","breadcrumb":{"@id":"https:\/\/www.moldesura.com\/maquinas-de-erosion\/#breadcrumb"},"inLanguage":"en-US","potentialAction":[{"@type":"ReadAction","target":["https:\/\/www.moldesura.com\/maquinas-de-erosion\/"]}]},{"@type":"BreadcrumbList","@id":"https:\/\/www.moldesura.com\/maquinas-de-erosion\/#breadcrumb","itemListElement":[{"@type":"ListItem","position":1,"name":"Portada","item":"https:\/\/www.moldesura.com\/en\/"},{"@type":"ListItem","position":2,"name":"M\u00e1quinas de erosi\u00f3n"}]},{"@type":"WebSite","@id":"https:\/\/www.moldesura.com\/en\/#website","url":"https:\/\/www.moldesura.com\/en\/","name":"Moldes Ura","description":"Dise\u00f1o y fabricaci\u00f3n de moldes de inyecci\u00f3n en Zamudio (Bizkaia)","potentialAction":[{"@type":"SearchAction","target":{"@type":"EntryPoint","urlTemplate":"https:\/\/www.moldesura.com\/en\/?s={search_term_string}"},"query-input":{"@type":"PropertyValueSpecification","valueRequired":true,"valueName":"search_term_string"}}],"inLanguage":"en-US"}]}},"_links":{"self":[{"href":"https:\/\/www.moldesura.com\/en\/wp-json\/wp\/v2\/pages\/50","targetHints":{"allow":["GET"]}}],"collection":[{"href":"https:\/\/www.moldesura.com\/en\/wp-json\/wp\/v2\/pages"}],"about":[{"href":"https:\/\/www.moldesura.com\/en\/wp-json\/wp\/v2\/types\/page"}],"author":[{"embeddable":true,"href":"https:\/\/www.moldesura.com\/en\/wp-json\/wp\/v2\/users\/2"}],"replies":[{"embeddable":true,"href":"https:\/\/www.moldesura.com\/en\/wp-json\/wp\/v2\/comments?post=50"}],"version-history":[{"count":4,"href":"https:\/\/www.moldesura.com\/en\/wp-json\/wp\/v2\/pages\/50\/revisions"}],"predecessor-version":[{"id":336,"href":"https:\/\/www.moldesura.com\/en\/wp-json\/wp\/v2\/pages\/50\/revisions\/336"}],"wp:attachment":[{"href":"https:\/\/www.moldesura.com\/en\/wp-json\/wp\/v2\/media?parent=50"}],"curies":[{"name":"wp","href":"https:\/\/api.w.org\/{rel}","templated":true}]}}