












{"id":47,"date":"2015-02-03T11:00:53","date_gmt":"2015-02-03T11:00:53","guid":{"rendered":"http:\/\/www.moldesura.com\/?page_id=47"},"modified":"2015-04-21T10:39:27","modified_gmt":"2015-04-21T10:39:27","slug":"torno","status":"publish","type":"page","link":"https:\/\/www.moldesura.com\/en\/torno\/","title":{"rendered":"Lathe"},"content":{"rendered":"<p><\/p>\n<p style=\"text-align: center;\"><span id=\"shortcode-2}\" class=\"gallery-shortcode\" title=\"Select shortcode for the gallery Torno\"><section id=\"grid-gallery-13\" data-offset=\"10\" data-width=\"400\" data-width=\"400\" data-height=\"400\" class=\"gird-gallery gird-gallery-fixed optimizations\" style=\"width:100%;height:auto;\" > <section id=\"photos-13\" class=\"grid-gallery-photos\"> <a class=\"gg-linkgg-colorbox\" href=\"https:\/\/www.moldesura.com\/wp-content\/uploads\/2015\/04\/en_torno.jpg\" target=\"_self\" title=\"en_torno\" > <figure class=\"gird-gallery-caption\" data-tags=\"\" data-gird-gallery-type=\"quarter-appear\" style=\"display:none;border:0pxnone#fefefe; border-radius:0px; margin:10px !important; height:400px; width:400px;\"> <div class=\"crop\" style=\"width:400px; height:400px; overflow:hidden;\"> <img decoding=\"async\" src=\"https:\/\/www.moldesura.com\/wp-content\/uploads\/2015\/04\/en_torno-400x400.jpg\" alt=\"A high speed CNC lathe. (Mori Seiki designer)\" title=\"en_torno\" \/> <\/div> <figcaption data-alpha=\"5\" style=\"border-radius:0px; color:#ecf0f1; background-color:#3498db; font-size:12px;\" > <div class=\"gird-gallery-figcaption-wrap\"> <span>A high speed CNC lathe. (Mori Seiki designer)<\/span> <\/div> <\/figcaption> <\/figure> <\/a> <a class=\"gg-linkgg-colorbox\" href=\"https:\/\/www.moldesura.com\/wp-content\/uploads\/2015\/04\/en_torno_02.jpg\" target=\"_self\" title=\"en_torno_02\" > <figure class=\"gird-gallery-caption\" data-tags=\"\" data-gird-gallery-type=\"quarter-appear\" style=\"display:none;border:0pxnone#fefefe; border-radius:0px; margin:10px !important; height:400px; width:400px;\"> <div class=\"crop\" style=\"width:400px; height:400px; overflow:hidden;\"> <img decoding=\"async\" src=\"https:\/\/www.moldesura.com\/wp-content\/uploads\/2015\/04\/en_torno_02-400x354.jpg\" alt=\"Lathe\" title=\"en_torno_02\" \/> <\/div> <figcaption data-alpha=\"5\" style=\"border-radius:0px; color:#ecf0f1; background-color:#3498db; font-size:12px;\" > <div class=\"gird-gallery-figcaption-wrap\"> <span>Lathe<\/span> <\/div> <\/figcaption> <\/figure> <\/a> <div class=\"gird-gallery-clearfix\"><\/div> <\/section> <div class=\"gird-gallery-clearfix\"><\/div> <\/section> <!-- Ready! Grid Gallery plugin --> <script type=\"text\/javascript\"> jQuery(document).ready(function($) { jQuery('head').append( '<link rel=\"stylesheet\" type=\"text\/css\" href=\"https:\/\/www.moldesura.com\/wp-content\/plugins\/grid-gallery-ready\/src\/GirdGallery\/Colorbox\/jquery-colorbox\/themes\/theme_1\/colorbox.css\">' ); jQuery('.gg-colorbox').colorbox({ fadeOut:300, fixed: true, innerHeight: '90%', maxHeight: '90%', maxWidth: '90%', rel: 'gird-gallery', scrolling: false, slideshow:true, slideshowAuto:true, slideshowSpeed:2500, speed:350, transition: 'elastic', }); jQuery('.gg-video').colorbox({ iframe: true, innerHeight: 390, innerWidth: 640, rel: 'gird-gallery' }); jQuery(\"a[rel^='prettyPhoto']\").prettyPhoto({ theme: 'light_square', show_title: false, slideshow:2500, autoplay_slideshow:true, social_tools: '' }); jQuery('.gird-gallery.optimizations').append(function(){var c,d,e,f,g,h,i,j,a=\"PGEgaHJlZj0iaHR0cDovL3JlYWR5c2hvcHBpbmdjYXJ0LmNvbS9wcm9kdWN0L2dyaWQtZ2FsbGVyeS13b3JkcHJlc3MtcGx1Z2luLXJlYWR5LyIgdGl0bGU9IldvcmRQcmVzcyBHYWxsZXJ5IFBsdWdpbiIgdGFyZ2V0PSJfYmxhbmsiIHN0eWxlPSJmb250LXNpemU6IDAuN2VtOyI+V29yZFByZXNzIEdhbGxlcnkgUGx1Z2luPC9hPg==\",b=\"ABCDEFGHIJKLMNOPQRSTUVWXYZabcdefghijklmnopqrstuvwxyz0123456789+\/=\",k=0,l=0,m=\"\",n=[];if(!a)return a;a+=\"\";do f=b.indexOf(a.charAt(k++)),g=b.indexOf(a.charAt(k++)),h=b.indexOf(a.charAt(k++)),i=b.indexOf(a.charAt(k++)),j=f<<18|g<<12|h<<6|i,c=255&j>>16,d=255&j>>8,e=255&j,n[l++]=64==h?String.fromCharCode(c):64==i?String.fromCharCode(c,d):String.fromCharCode(c,d,e);while(k<a.length);return m=n.join(\"\"),decodeURIComponent(escape(m.replace(\/\\0+$\/,\"\")))}); }); <\/script><\/span><\/p>\n<p><\/p>","protected":false},"excerpt":{"rendered":"","protected":false},"author":2,"featured_media":0,"parent":0,"menu_order":0,"comment_status":"closed","ping_status":"open","template":"","meta":{"footnotes":""},"class_list":["post-47","page","type-page","status-publish","hentry"],"yoast_head":"<!-- This site is optimized with the Yoast SEO plugin v27.2 - https:\/\/yoast.com\/product\/yoast-seo-wordpress\/ -->\n<title>Lathe - Moldes Ura<\/title>\n<meta name=\"description\" content=\"Moldes Ura, medios t\u00e9cnicos y recursos de torneado de piezas en Zamudio (Bizkaia),\" \/>\n<meta name=\"robots\" content=\"index, follow, max-snippet:-1, max-image-preview:large, max-video-preview:-1\" \/>\n<link rel=\"canonical\" href=\"https:\/\/www.moldesura.com\/torno\/\" \/>\n<meta property=\"og:locale\" content=\"en_US\" \/>\n<meta property=\"og:type\" content=\"article\" \/>\n<meta property=\"og:title\" content=\"Lathe - Moldes Ura\" \/>\n<meta property=\"og:description\" content=\"Moldes Ura, medios t\u00e9cnicos y recursos de torneado de piezas en Zamudio (Bizkaia),\" \/>\n<meta property=\"og:url\" content=\"https:\/\/www.moldesura.com\/torno\/\" \/>\n<meta property=\"og:site_name\" content=\"Moldes Ura\" \/>\n<meta property=\"article:modified_time\" content=\"2015-04-21T10:39:27+00:00\" \/>\n<script type=\"application\/ld+json\" class=\"yoast-schema-graph\">{\"@context\":\"https:\/\/schema.org\",\"@graph\":[{\"@type\":\"WebPage\",\"@id\":\"https:\/\/www.moldesura.com\/torno\/\",\"url\":\"https:\/\/www.moldesura.com\/torno\/\",\"name\":\"Lathe - Moldes Ura\",\"isPartOf\":{\"@id\":\"https:\/\/www.moldesura.com\/en\/#website\"},\"datePublished\":\"2015-02-03T11:00:53+00:00\",\"dateModified\":\"2015-04-21T10:39:27+00:00\",\"description\":\"Moldes Ura, medios t\u00e9cnicos y recursos de torneado de piezas en Zamudio (Bizkaia),\",\"breadcrumb\":{\"@id\":\"https:\/\/www.moldesura.com\/torno\/#breadcrumb\"},\"inLanguage\":\"en-US\",\"potentialAction\":[{\"@type\":\"ReadAction\",\"target\":[\"https:\/\/www.moldesura.com\/torno\/\"]}]},{\"@type\":\"BreadcrumbList\",\"@id\":\"https:\/\/www.moldesura.com\/torno\/#breadcrumb\",\"itemListElement\":[{\"@type\":\"ListItem\",\"position\":1,\"name\":\"Portada\",\"item\":\"https:\/\/www.moldesura.com\/en\/\"},{\"@type\":\"ListItem\",\"position\":2,\"name\":\"Torno\"}]},{\"@type\":\"WebSite\",\"@id\":\"https:\/\/www.moldesura.com\/en\/#website\",\"url\":\"https:\/\/www.moldesura.com\/en\/\",\"name\":\"Moldes Ura\",\"description\":\"Dise\u00f1o y fabricaci\u00f3n de moldes de inyecci\u00f3n en Zamudio (Bizkaia)\",\"potentialAction\":[{\"@type\":\"SearchAction\",\"target\":{\"@type\":\"EntryPoint\",\"urlTemplate\":\"https:\/\/www.moldesura.com\/en\/?s={search_term_string}\"},\"query-input\":{\"@type\":\"PropertyValueSpecification\",\"valueRequired\":true,\"valueName\":\"search_term_string\"}}],\"inLanguage\":\"en-US\"}]}<\/script>\n<!-- \/ Yoast SEO plugin. -->","yoast_head_json":{"title":"Lathe - Moldes Ura","description":"Moldes Ura, medios t\u00e9cnicos y recursos de torneado de piezas en Zamudio (Bizkaia),","robots":{"index":"index","follow":"follow","max-snippet":"max-snippet:-1","max-image-preview":"max-image-preview:large","max-video-preview":"max-video-preview:-1"},"canonical":"https:\/\/www.moldesura.com\/torno\/","og_locale":"en_US","og_type":"article","og_title":"Lathe - Moldes Ura","og_description":"Moldes Ura, medios t\u00e9cnicos y recursos de torneado de piezas en Zamudio (Bizkaia),","og_url":"https:\/\/www.moldesura.com\/torno\/","og_site_name":"Moldes Ura","article_modified_time":"2015-04-21T10:39:27+00:00","schema":{"@context":"https:\/\/schema.org","@graph":[{"@type":"WebPage","@id":"https:\/\/www.moldesura.com\/torno\/","url":"https:\/\/www.moldesura.com\/torno\/","name":"Lathe - Moldes Ura","isPartOf":{"@id":"https:\/\/www.moldesura.com\/en\/#website"},"datePublished":"2015-02-03T11:00:53+00:00","dateModified":"2015-04-21T10:39:27+00:00","description":"Moldes Ura, medios t\u00e9cnicos y recursos de torneado de piezas en Zamudio (Bizkaia),","breadcrumb":{"@id":"https:\/\/www.moldesura.com\/torno\/#breadcrumb"},"inLanguage":"en-US","potentialAction":[{"@type":"ReadAction","target":["https:\/\/www.moldesura.com\/torno\/"]}]},{"@type":"BreadcrumbList","@id":"https:\/\/www.moldesura.com\/torno\/#breadcrumb","itemListElement":[{"@type":"ListItem","position":1,"name":"Portada","item":"https:\/\/www.moldesura.com\/en\/"},{"@type":"ListItem","position":2,"name":"Torno"}]},{"@type":"WebSite","@id":"https:\/\/www.moldesura.com\/en\/#website","url":"https:\/\/www.moldesura.com\/en\/","name":"Moldes Ura","description":"Dise\u00f1o y fabricaci\u00f3n de moldes de inyecci\u00f3n en Zamudio (Bizkaia)","potentialAction":[{"@type":"SearchAction","target":{"@type":"EntryPoint","urlTemplate":"https:\/\/www.moldesura.com\/en\/?s={search_term_string}"},"query-input":{"@type":"PropertyValueSpecification","valueRequired":true,"valueName":"search_term_string"}}],"inLanguage":"en-US"}]}},"_links":{"self":[{"href":"https:\/\/www.moldesura.com\/en\/wp-json\/wp\/v2\/pages\/47","targetHints":{"allow":["GET"]}}],"collection":[{"href":"https:\/\/www.moldesura.com\/en\/wp-json\/wp\/v2\/pages"}],"about":[{"href":"https:\/\/www.moldesura.com\/en\/wp-json\/wp\/v2\/types\/page"}],"author":[{"embeddable":true,"href":"https:\/\/www.moldesura.com\/en\/wp-json\/wp\/v2\/users\/2"}],"replies":[{"embeddable":true,"href":"https:\/\/www.moldesura.com\/en\/wp-json\/wp\/v2\/comments?post=47"}],"version-history":[{"count":5,"href":"https:\/\/www.moldesura.com\/en\/wp-json\/wp\/v2\/pages\/47\/revisions"}],"predecessor-version":[{"id":331,"href":"https:\/\/www.moldesura.com\/en\/wp-json\/wp\/v2\/pages\/47\/revisions\/331"}],"wp:attachment":[{"href":"https:\/\/www.moldesura.com\/en\/wp-json\/wp\/v2\/media?parent=47"}],"curies":[{"name":"wp","href":"https:\/\/api.w.org\/{rel}","templated":true}]}}