












{"id":44,"date":"2015-02-03T11:00:34","date_gmt":"2015-02-03T11:00:34","guid":{"rendered":"http:\/\/www.moldesura.com\/?page_id=44"},"modified":"2016-04-07T06:52:51","modified_gmt":"2016-04-07T06:52:51","slug":"fresadoras-y-centros-de-mecanizado","status":"publish","type":"page","link":"https:\/\/www.moldesura.com\/en\/fresadoras-y-centros-de-mecanizado\/","title":{"rendered":"Milling machines"},"content":{"rendered":"<p><\/p>\n<p style=\"text-align: center;\"><span id=\"shortcode-1}\" class=\"gallery-shortcode\" title=\"Select shortcode for the gallery Fresadora y centro mecanizado\"><section id=\"grid-gallery-12\" data-offset=\"10\" data-width=\"350\" data-width=\"350\" data-height=\"350\" class=\"gird-gallery gird-gallery-fixed optimizations\" style=\"width:100%;height:auto;\" > <section id=\"photos-12\" class=\"grid-gallery-photos\"> <a class=\"gg-linkgg-colorbox\" href=\"https:\/\/www.moldesura.com\/wp-content\/uploads\/2015\/04\/en_fresadora_01b.jpg\" target=\"_self\" title=\"en_fresadora_01b\" > <figure class=\"gird-gallery-caption\" data-tags=\"\" data-gird-gallery-type=\"quarter-appear\" style=\"display:none;border:0pxnone#fefefe; border-radius:0px; margin:10px !important; height:350px; width:350px;\"> <div class=\"crop\" style=\"width:350px; height:350px; overflow:hidden;\"> <img decoding=\"async\" src=\"https:\/\/www.moldesura.com\/wp-content\/uploads\/2015\/04\/en_fresadora_01b-350x350.jpg\" alt=\"Correa FP 30\/40: Milling machine with CNC system. Automatic traverses of 3500 x 2500 x 800 (with A.T.C.)\" title=\"en_fresadora_01b\" \/> <\/div> <figcaption data-alpha=\"5\" style=\"border-radius:0px; color:#ecf0f1; background-color:#3498db; font-size:12px;\" > <div class=\"gird-gallery-figcaption-wrap\"> <span>Correa FP 30\/40: Milling machine with CNC system. Automatic traverses of 3500 x 2500 x 800 (with A.T.C.)<\/span> <\/div> <\/figcaption> <\/figure> <\/a> <a class=\"gg-linkgg-colorbox\" href=\"https:\/\/www.moldesura.com\/wp-content\/uploads\/2015\/04\/en_fresadora_02.jpg\" target=\"_self\" title=\"en_fresadora_02\" > <figure class=\"gird-gallery-caption\" data-tags=\"\" data-gird-gallery-type=\"quarter-appear\" style=\"display:none;border:0pxnone#fefefe; border-radius:0px; margin:10px !important; height:350px; width:350px;\"> <div class=\"crop\" style=\"width:350px; height:350px; overflow:hidden;\"> <img decoding=\"async\" src=\"https:\/\/www.moldesura.com\/wp-content\/uploads\/2015\/04\/en_fresadora_02-350x350.jpg\" alt=\"Correa CF22\/25: Milling machine with CNC system. Automatic Traverses of 2500 x 800 x 800 (with A.T.C.)\" title=\"en_fresadora_02\" \/> <\/div> <figcaption data-alpha=\"5\" style=\"border-radius:0px; color:#ecf0f1; background-color:#3498db; font-size:12px;\" > <div class=\"gird-gallery-figcaption-wrap\"> <span>Correa CF22\/25: Milling machine with CNC system. Automatic Traverses of 2500 x 800 x 800 (with A.T.C.)<\/span> <\/div> <\/figcaption> <\/figure> <\/a> <a class=\"gg-linkgg-colorbox\" href=\"https:\/\/www.moldesura.com\/wp-content\/uploads\/2015\/04\/en_fresadora_04b.jpg\" target=\"_self\" title=\"en_fresadora_04b\" > <figure class=\"gird-gallery-caption\" data-tags=\"\" data-gird-gallery-type=\"quarter-appear\" style=\"display:none;border:0pxnone#fefefe; border-radius:0px; margin:10px !important; height:350px; width:350px;\"> <div class=\"crop\" style=\"width:350px; height:350px; overflow:hidden;\"> <img decoding=\"async\" src=\"https:\/\/www.moldesura.com\/wp-content\/uploads\/2015\/04\/en_fresadora_04b-350x350.jpg\" alt=\"Deckel Maho DMF linear 360: High speed milling machine with CNC system and 5 axes milling head. Automatic traverses 3600 x 1000 x 1000 (with A.T.C.)\" title=\"en_fresadora_04b\" \/> <\/div> <figcaption data-alpha=\"5\" style=\"border-radius:0px; color:#ecf0f1; background-color:#3498db; font-size:12px;\" > <div class=\"gird-gallery-figcaption-wrap\"> <span>Deckel Maho DMF linear 360: High speed milling machine with CNC system and 5 axes milling head. Automatic traverses 3600 x 1000 x 1000 (with A.T.C.)<\/span> <\/div> <\/figcaption> <\/figure> <\/a> <a class=\"gg-linkgg-colorbox\" href=\"https:\/\/www.moldesura.com\/wp-content\/uploads\/2015\/04\/en_fresadora_05b.jpg\" target=\"_self\" title=\"en_fresadora_05b\" > <figure class=\"gird-gallery-caption\" data-tags=\"\" data-gird-gallery-type=\"quarter-appear\" style=\"display:none;border:0pxnone#fefefe; border-radius:0px; margin:10px !important; height:350px; width:350px;\"> <div class=\"crop\" style=\"width:350px; height:350px; overflow:hidden;\"> <img decoding=\"async\" src=\"https:\/\/www.moldesura.com\/wp-content\/uploads\/2015\/04\/en_fresadora_05b-350x350.jpg\" alt=\"DMU125 P Duoblock: High speed milling machine with CNC system and 5 axes milling head. Automatic traverses 1250 x 1250 x 1000 (with A.T.C.)\" title=\"en_fresadora_05b\" \/> <\/div> <figcaption data-alpha=\"5\" style=\"border-radius:0px; color:#ecf0f1; background-color:#3498db; font-size:12px;\" > <div class=\"gird-gallery-figcaption-wrap\"> <span>DMU125 P Duoblock: High speed milling machine with CNC system and 5 axes milling head. Automatic traverses 1250 x 1250 x 1000 (with A.T.C.)<\/span> <\/div> <\/figcaption> <\/figure> <\/a> <a class=\"gg-linkgg-colorbox\" href=\"https:\/\/www.moldesura.com\/wp-content\/uploads\/2016\/04\/dmg_ecomil_50.jpg\" target=\"_self\" title=\"DMG Ecomill 50: Machining centre 3+2 axes high speed milling head with CNC system. Automatic traverses 500x 450 x 400 (with A.T.C.)\" > <figure class=\"gird-gallery-caption\" data-tags=\"\" data-gird-gallery-type=\"quarter-appear\" style=\"display:none;border:0pxnone#fefefe; border-radius:0px; margin:10px !important; height:350px; width:350px;\"> <div class=\"crop\" style=\"width:350px; height:350px; overflow:hidden;\"> <img decoding=\"async\" src=\"https:\/\/www.moldesura.com\/wp-content\/uploads\/2016\/04\/dmg_ecomil_50-350x350.jpg\" alt=\"DMG Ecomill 50: Machining centre 3+2 axes high speed milling head with CNC system. Automatic traverses 500x 450 x 400 (with A.T.C.)\" title=\"DMG Ecomill 50: Machining centre 3+2 axes high speed milling head with CNC system. Automatic traverses 500x 450 x 400 (with A.T.C.)\" \/> <\/div> <figcaption data-alpha=\"5\" style=\"border-radius:0px; color:#ecf0f1; background-color:#3498db; font-size:12px;\" > <div class=\"gird-gallery-figcaption-wrap\"> <span>DMG Ecomill 50: Machining centre 3+2 axes high speed milling head with CNC system. Automatic traverses 500x 450 x 400 (with A.T.C.)<\/span> <\/div> <\/figcaption> <\/figure> <\/a> <a class=\"gg-linkgg-colorbox\" href=\"https:\/\/www.moldesura.com\/wp-content\/uploads\/2015\/04\/en_centro-de-mecanizado.jpg\" target=\"_self\" title=\"en_centro-de-mecanizado\" > <figure class=\"gird-gallery-caption\" data-tags=\"\" data-gird-gallery-type=\"quarter-appear\" style=\"display:none;border:0pxnone#fefefe; border-radius:0px; margin:10px !important; height:350px; width:350px;\"> <div class=\"crop\" style=\"width:350px; height:350px; overflow:hidden;\"> <img decoding=\"async\" src=\"https:\/\/www.moldesura.com\/wp-content\/uploads\/2015\/04\/en_centro-de-mecanizado-350x350.jpg\" alt=\"John Ford SV41: Machining center 3 axes milling head with CNC system. Automatic traverses 1050 x 650 x 600 (with A.T.C)\" title=\"en_centro-de-mecanizado\" \/> <\/div> <figcaption data-alpha=\"5\" style=\"border-radius:0px; color:#ecf0f1; background-color:#3498db; font-size:12px;\" > <div class=\"gird-gallery-figcaption-wrap\"> <span>John Ford SV41: Machining center 3 axes milling head with CNC system. Automatic traverses 1050 x 650 x 600 (with A.T.C)<\/span> <\/div> <\/figcaption> <\/figure> <\/a> <div class=\"gird-gallery-clearfix\"><\/div> <\/section> <div class=\"gird-gallery-clearfix\"><\/div> <\/section> <!-- Ready! Grid Gallery plugin --> <script type=\"text\/javascript\"> jQuery(document).ready(function($) { jQuery('head').append( '<link rel=\"stylesheet\" type=\"text\/css\" href=\"https:\/\/www.moldesura.com\/wp-content\/plugins\/grid-gallery-ready\/src\/GirdGallery\/Colorbox\/jquery-colorbox\/themes\/theme_1\/colorbox.css\">' ); jQuery('.gg-colorbox').colorbox({ fadeOut:300, fixed: true, innerHeight: '90%', maxHeight: '90%', maxWidth: '90%', rel: 'gird-gallery', scrolling: false, slideshow:true, slideshowAuto:true, slideshowSpeed:2500, speed:350, transition: 'elastic', }); jQuery('.gg-video').colorbox({ iframe: true, innerHeight: 390, innerWidth: 640, rel: 'gird-gallery' }); jQuery(\"a[rel^='prettyPhoto']\").prettyPhoto({ theme: 'light_square', show_title: false, slideshow:2500, autoplay_slideshow:true, social_tools: '' }); jQuery('.gird-gallery.optimizations').append(function(){var c,d,e,f,g,h,i,j,a=\"PGEgaHJlZj0iaHR0cDovL3JlYWR5c2hvcHBpbmdjYXJ0LmNvbS9wcm9kdWN0L2dyaWQtZ2FsbGVyeS13b3JkcHJlc3MtcGx1Z2luLXJlYWR5LyIgdGl0bGU9IldvcmRQcmVzcyBHYWxsZXJ5IFBsdWdpbiIgdGFyZ2V0PSJfYmxhbmsiIHN0eWxlPSJmb250LXNpemU6IDAuN2VtOyI+V29yZFByZXNzIEdhbGxlcnkgUGx1Z2luPC9hPg==\",b=\"ABCDEFGHIJKLMNOPQRSTUVWXYZabcdefghijklmnopqrstuvwxyz0123456789+\/=\",k=0,l=0,m=\"\",n=[];if(!a)return a;a+=\"\";do f=b.indexOf(a.charAt(k++)),g=b.indexOf(a.charAt(k++)),h=b.indexOf(a.charAt(k++)),i=b.indexOf(a.charAt(k++)),j=f<<18|g<<12|h<<6|i,c=255&j>>16,d=255&j>>8,e=255&j,n[l++]=64==h?String.fromCharCode(c):64==i?String.fromCharCode(c,d):String.fromCharCode(c,d,e);while(k<a.length);return m=n.join(\"\"),decodeURIComponent(escape(m.replace(\/\\0+$\/,\"\")))}); }); <\/script><\/span><\/p>\n<p>DMG Ecomill 50: Machining centre 3+2 axes high speed milling head with CNC system. Automatic traverses 500x 450 x 400 (with A.T.C.)\" > <figure class=\"gird-gallery-caption\" data-tags=\"\" data-gird-gallery-type=\"quarter-appear\" style=\"display:none;border:0pxnone#fefefe; border-radius:0px; margin:10px !important; height:350px; width:350px;\"> <div class=\"crop\" style=\"width:350px; height:350px; overflow:hidden;\"> <img decoding=\"async\" src=\"https:\/\/www.moldesura.com\/wp-content\/uploads\/2016\/04\/dmg_ecomil_50-350x350.jpg\" alt=\"DMG Ecomill 50: Machining centre 3+2 axes high speed milling head with CNC system. Automatic traverses 500x 450 x 400 (with A.T.C.)\" title=\"DMG Ecomill 50: Machining centre 3+2 axes high speed milling head with CNC system. Automatic traverses 500x 450 x 400 (with A.T.C.)\" \/> <\/div> <figcaption data-alpha=\"5\" style=\"border-radius:0px; color:#ecf0f1; background-color:#3498db; font-size:12px;\" > <div class=\"gird-gallery-figcaption-wrap\"> <span>DMG Ecomill 50: Machining centre 3+2 axes high speed milling head with CNC system. Automatic traverses 500x 450 x 400 (with A.T.C.)<\/span> <\/div> <\/figcaption> <\/figure> <\/a> <a class=\"gg-linkgg-colorbox\" href=\"https:\/\/www.moldesura.com\/wp-content\/uploads\/2015\/02\/centro-de-mecanizado.jpg\" target=\"_self\" title=\"Centro de mecanizado John Ford SV41\" > <figure class=\"gird-gallery-caption\" data-tags=\"\" data-gird-gallery-type=\"quarter-appear\" style=\"display:none;border:0pxnone#fefefe; border-radius:0px; margin:10px !important; height:350px; width:350px;\"> <div class=\"crop\" style=\"width:350px; height:350px; overflow:hidden;\"> <img decoding=\"async\" src=\"https:\/\/www.moldesura.com\/wp-content\/uploads\/2015\/02\/centro-de-mecanizado-350x350.jpg\" alt=\"Centro de mecanizado John Ford SV41\" title=\"Centro de mecanizado John Ford SV41\" \/> <\/div> <figcaption data-alpha=\"5\" style=\"border-radius:0px; color:#ecf0f1; background-color:#3498db; font-size:12px;\" > <div class=\"gird-gallery-figcaption-wrap\"> <span>John Ford SV41: Centro de mecanizado CNC 3 ejes con recorridos 1050 x 650 x 600 (con cambiador de herramienta)<\/span> <\/div> <\/figcaption> <\/figure> <\/a> <div class=\"gird-gallery-clearfix\"><\/div> <\/section> <div class=\"gird-gallery-clearfix\"><\/div> <\/section> <!-- Ready! Grid Gallery plugin --> <script type=\"text\/javascript\"> jQuery(document).ready(function($) { jQuery('head').append( '<link rel=\"stylesheet\" type=\"text\/css\" href=\"https:\/\/www.moldesura.com\/wp-content\/plugins\/grid-gallery-ready\/src\/GirdGallery\/Colorbox\/jquery-colorbox\/themes\/theme_1\/colorbox.css\">' ); jQuery('.gg-colorbox').colorbox({ fadeOut:300, fixed: true, innerHeight: '90%', maxHeight: '90%', maxWidth: '90%', rel: 'gird-gallery', scrolling: false, slideshow:true, slideshowAuto:true, slideshowSpeed:2500, speed:350, transition: 'elastic', }); jQuery('.gg-video').colorbox({ iframe: true, innerHeight: 390, innerWidth: 640, rel: 'gird-gallery' }); jQuery(\"a[rel^='prettyPhoto']\").prettyPhoto({ theme: 'light_square', show_title: false, slideshow:2500, autoplay_slideshow:true, social_tools: '' }); jQuery('.gird-gallery.optimizations').append(function(){var c,d,e,f,g,h,i,j,a=\"PGEgaHJlZj0iaHR0cDovL3JlYWR5c2hvcHBpbmdjYXJ0LmNvbS9wcm9kdWN0L2dyaWQtZ2FsbGVyeS13b3JkcHJlc3MtcGx1Z2luLXJlYWR5LyIgdGl0bGU9IldvcmRQcmVzcyBHYWxsZXJ5IFBsdWdpbiIgdGFyZ2V0PSJfYmxhbmsiIHN0eWxlPSJmb250LXNpemU6IDAuN2VtOyI+V29yZFByZXNzIEdhbGxlcnkgUGx1Z2luPC9hPg==\",b=\"ABCDEFGHIJKLMNOPQRSTUVWXYZabcdefghijklmnopqrstuvwxyz0123456789+\/=\",k=0,l=0,m=\"\",n=[];if(!a)return a;a+=\"\";do f=b.indexOf(a.charAt(k++)),g=b.indexOf(a.charAt(k++)),h=b.indexOf(a.charAt(k++)),i=b.indexOf(a.charAt(k++)),j=f<<18|g<<12|h<<6|i,c=255&j>>16,d=255&j>>8,e=255&j,n[l++]=64==h?String.fromCharCode(c):64==i?String.fromCharCode(c,d):String.fromCharCode(c,d,e);while(k<a.length);return m=n.join(\"\"),decodeURIComponent(escape(m.replace(\/\\0+$\/,\"\")))}); }); <\/script><\/span><\/p>\n<p><\/p>","protected":false},"excerpt":{"rendered":"","protected":false},"author":2,"featured_media":0,"parent":0,"menu_order":0,"comment_status":"closed","ping_status":"open","template":"","meta":{"footnotes":""},"class_list":["post-44","page","type-page","status-publish","hentry"],"yoast_head":"<!-- This site is optimized with the Yoast SEO plugin v27.2 - https:\/\/yoast.com\/product\/yoast-seo-wordpress\/ -->\n<title>Milling machines - Moldes Ura<\/title>\n<meta name=\"description\" content=\"Moldes Ura, medios t\u00e9cnicos y recursos defresado y mecanizaci\u00f3n de piezas en Zamudio (Bizkaia),\" \/>\n<meta name=\"robots\" content=\"index, follow, max-snippet:-1, max-image-preview:large, max-video-preview:-1\" \/>\n<link rel=\"canonical\" href=\"https:\/\/www.moldesura.com\/fresadoras-y-centros-de-mecanizado\/\" \/>\n<meta property=\"og:locale\" content=\"en_US\" \/>\n<meta property=\"og:type\" content=\"article\" \/>\n<meta property=\"og:title\" content=\"Milling machines - Moldes Ura\" \/>\n<meta property=\"og:description\" content=\"Moldes Ura, medios t\u00e9cnicos y recursos defresado y mecanizaci\u00f3n de piezas en Zamudio (Bizkaia),\" \/>\n<meta property=\"og:url\" content=\"https:\/\/www.moldesura.com\/fresadoras-y-centros-de-mecanizado\/\" \/>\n<meta property=\"og:site_name\" content=\"Moldes Ura\" \/>\n<meta property=\"article:modified_time\" content=\"2016-04-07T06:52:51+00:00\" \/>\n<script type=\"application\/ld+json\" class=\"yoast-schema-graph\">{\"@context\":\"https:\/\/schema.org\",\"@graph\":[{\"@type\":\"WebPage\",\"@id\":\"https:\/\/www.moldesura.com\/fresadoras-y-centros-de-mecanizado\/\",\"url\":\"https:\/\/www.moldesura.com\/fresadoras-y-centros-de-mecanizado\/\",\"name\":\"Milling machines - Moldes Ura\",\"isPartOf\":{\"@id\":\"https:\/\/www.moldesura.com\/en\/#website\"},\"datePublished\":\"2015-02-03T11:00:34+00:00\",\"dateModified\":\"2016-04-07T06:52:51+00:00\",\"description\":\"Moldes Ura, medios t\u00e9cnicos y recursos defresado y mecanizaci\u00f3n de piezas en Zamudio (Bizkaia),\",\"breadcrumb\":{\"@id\":\"https:\/\/www.moldesura.com\/fresadoras-y-centros-de-mecanizado\/#breadcrumb\"},\"inLanguage\":\"en-US\",\"potentialAction\":[{\"@type\":\"ReadAction\",\"target\":[\"https:\/\/www.moldesura.com\/fresadoras-y-centros-de-mecanizado\/\"]}]},{\"@type\":\"BreadcrumbList\",\"@id\":\"https:\/\/www.moldesura.com\/fresadoras-y-centros-de-mecanizado\/#breadcrumb\",\"itemListElement\":[{\"@type\":\"ListItem\",\"position\":1,\"name\":\"Portada\",\"item\":\"https:\/\/www.moldesura.com\/en\/\"},{\"@type\":\"ListItem\",\"position\":2,\"name\":\"Fresadoras y centros de mecanizado\"}]},{\"@type\":\"WebSite\",\"@id\":\"https:\/\/www.moldesura.com\/en\/#website\",\"url\":\"https:\/\/www.moldesura.com\/en\/\",\"name\":\"Moldes Ura\",\"description\":\"Dise\u00f1o y fabricaci\u00f3n de moldes de inyecci\u00f3n en Zamudio (Bizkaia)\",\"potentialAction\":[{\"@type\":\"SearchAction\",\"target\":{\"@type\":\"EntryPoint\",\"urlTemplate\":\"https:\/\/www.moldesura.com\/en\/?s={search_term_string}\"},\"query-input\":{\"@type\":\"PropertyValueSpecification\",\"valueRequired\":true,\"valueName\":\"search_term_string\"}}],\"inLanguage\":\"en-US\"}]}<\/script>\n<!-- \/ Yoast SEO plugin. -->","yoast_head_json":{"title":"Milling machines - Moldes Ura","description":"Moldes Ura, medios t\u00e9cnicos y recursos defresado y mecanizaci\u00f3n de piezas en Zamudio (Bizkaia),","robots":{"index":"index","follow":"follow","max-snippet":"max-snippet:-1","max-image-preview":"max-image-preview:large","max-video-preview":"max-video-preview:-1"},"canonical":"https:\/\/www.moldesura.com\/fresadoras-y-centros-de-mecanizado\/","og_locale":"en_US","og_type":"article","og_title":"Milling machines - Moldes Ura","og_description":"Moldes Ura, medios t\u00e9cnicos y recursos defresado y mecanizaci\u00f3n de piezas en Zamudio (Bizkaia),","og_url":"https:\/\/www.moldesura.com\/fresadoras-y-centros-de-mecanizado\/","og_site_name":"Moldes Ura","article_modified_time":"2016-04-07T06:52:51+00:00","schema":{"@context":"https:\/\/schema.org","@graph":[{"@type":"WebPage","@id":"https:\/\/www.moldesura.com\/fresadoras-y-centros-de-mecanizado\/","url":"https:\/\/www.moldesura.com\/fresadoras-y-centros-de-mecanizado\/","name":"Milling machines - Moldes Ura","isPartOf":{"@id":"https:\/\/www.moldesura.com\/en\/#website"},"datePublished":"2015-02-03T11:00:34+00:00","dateModified":"2016-04-07T06:52:51+00:00","description":"Moldes Ura, medios t\u00e9cnicos y recursos defresado y mecanizaci\u00f3n de piezas en Zamudio (Bizkaia),","breadcrumb":{"@id":"https:\/\/www.moldesura.com\/fresadoras-y-centros-de-mecanizado\/#breadcrumb"},"inLanguage":"en-US","potentialAction":[{"@type":"ReadAction","target":["https:\/\/www.moldesura.com\/fresadoras-y-centros-de-mecanizado\/"]}]},{"@type":"BreadcrumbList","@id":"https:\/\/www.moldesura.com\/fresadoras-y-centros-de-mecanizado\/#breadcrumb","itemListElement":[{"@type":"ListItem","position":1,"name":"Portada","item":"https:\/\/www.moldesura.com\/en\/"},{"@type":"ListItem","position":2,"name":"Fresadoras y centros de mecanizado"}]},{"@type":"WebSite","@id":"https:\/\/www.moldesura.com\/en\/#website","url":"https:\/\/www.moldesura.com\/en\/","name":"Moldes Ura","description":"Dise\u00f1o y fabricaci\u00f3n de moldes de inyecci\u00f3n en Zamudio (Bizkaia)","potentialAction":[{"@type":"SearchAction","target":{"@type":"EntryPoint","urlTemplate":"https:\/\/www.moldesura.com\/en\/?s={search_term_string}"},"query-input":{"@type":"PropertyValueSpecification","valueRequired":true,"valueName":"search_term_string"}}],"inLanguage":"en-US"}]}},"_links":{"self":[{"href":"https:\/\/www.moldesura.com\/en\/wp-json\/wp\/v2\/pages\/44","targetHints":{"allow":["GET"]}}],"collection":[{"href":"https:\/\/www.moldesura.com\/en\/wp-json\/wp\/v2\/pages"}],"about":[{"href":"https:\/\/www.moldesura.com\/en\/wp-json\/wp\/v2\/types\/page"}],"author":[{"embeddable":true,"href":"https:\/\/www.moldesura.com\/en\/wp-json\/wp\/v2\/users\/2"}],"replies":[{"embeddable":true,"href":"https:\/\/www.moldesura.com\/en\/wp-json\/wp\/v2\/comments?post=44"}],"version-history":[{"count":7,"href":"https:\/\/www.moldesura.com\/en\/wp-json\/wp\/v2\/pages\/44\/revisions"}],"predecessor-version":[{"id":385,"href":"https:\/\/www.moldesura.com\/en\/wp-json\/wp\/v2\/pages\/44\/revisions\/385"}],"wp:attachment":[{"href":"https:\/\/www.moldesura.com\/en\/wp-json\/wp\/v2\/media?parent=44"}],"curies":[{"name":"wp","href":"https:\/\/api.w.org\/{rel}","templated":true}]}}