












{"id":427,"date":"2019-12-12T10:03:17","date_gmt":"2019-12-12T10:03:17","guid":{"rendered":"http:\/\/www.moldesura.com\/?page_id=427"},"modified":"2022-10-19T07:46:17","modified_gmt":"2022-10-19T07:46:17","slug":"aviso-legal","status":"publish","type":"page","link":"https:\/\/www.moldesura.com\/en\/aviso-legal\/","title":{"rendered":"Aviso Legal"},"content":{"rendered":"<p><\/p>\n<h2><strong>Datos de la empresa<\/strong><\/h2>\n<p>En cumplimiento del art\u00edculo 10 de la Ley 34\/2002, de 11 de julio, de Servicios de la Sociedad de la Informaci\u00f3n y Comercio Electr\u00f3nico, a continuaci\u00f3n se exponen los datos identificativos de la empresa.<\/p>\n<p>Denominaci\u00f3n social: <strong>MOLDES URA, S.L.U.<\/strong><\/p>\n<p>C.I.F.\/N.I.F.: <strong>B48889075<\/strong><\/p>\n<p>Domicilio Social: <strong>P.I. Ugaldeguren II, Parc. 11, Nave 1<\/strong><em>, <\/em><strong>48170<\/strong> <strong>Zamudio ( Bizkaia)<\/strong><\/p>\n<p>Inscrita en el Registro de -, Hoja -, Folio -, Tomo -, Secci\u00f3n -.<\/p>\n<p>Tel\u00e9fono:<\/p>\n<p>Fax:<\/p>\n<p>&nbsp;<\/p>\n<h2><strong> Propiedad intelectual<\/strong><\/h2>\n<p>El c\u00f3digo fuente, los dise\u00f1os gr\u00e1ficos, las im\u00e1genes, las fotograf\u00edas, los sonidos, las animaciones, el software, los textos, as\u00ed como la informaci\u00f3n y los contenidos que se recogen en el presente sitio web est\u00e1n protegidos por la legislaci\u00f3n espa\u00f1ola sobre los derechos de propiedad intelectual e industrial a favor de <strong>MOLDES URA, S.L.U.<\/strong> y no se permite la reproducci\u00f3n y\/o publicaci\u00f3n, total o parcial, del sitio web, ni su tratamiento inform\u00e1tico, su distribuci\u00f3n, su difusi\u00f3n, ni su modificaci\u00f3n, transformaci\u00f3n o descompilaci\u00f3n, ni dem\u00e1s derechos reconocidos legalmente a su titular, sin el permiso previo y por escrito del mismo <strong>MOLDES URA, S.L.U.<\/strong><em>.<\/em><\/p>\n<p>El usuario, \u00fanica y exclusivamente, puede utilizar el material que aparezca en este sitio web para su uso personal y privado, quedando prohibido su uso con fines comerciales o para incurrir en actividades il\u00edcitas. Todos los derechos derivados de la propiedad intelectual est\u00e1n expresamente reservados por <strong>MOLDES URA, S.L.U.<\/strong><em>.<\/em><\/p>\n<p><strong>MOLDES URA, S.L.U.<\/strong> velar\u00e1 por el cumplimiento de las anteriores condiciones como por la debida utilizaci\u00f3n de los contenidos presentados en sus p\u00e1ginas web, ejercit\u00e1ndose todas las acciones civiles y penales que le correspondan en el caso de infracci\u00f3n o incumplimiento de estos derechos por parte del usuario.<\/p>\n<p>&nbsp;<\/p>\n<h2><strong>Protecci\u00f3n de datos de car\u00e1cter personal<\/strong><\/h2>\n<p>Sus datos datos personales se incorporan a ficheros de los que es responsable <strong>MOLDES URA, S.L.U.<\/strong>, con domicilio en P.I. Ugaldeguren II, Parc. 11, Nave 1\u00a0\u00a0 , 48170 Zamudio (Bizkaia), cuya finalidad es la gesti\u00f3n de datos recogidos en los formularios de la pagina web, la gesti\u00f3n de contactos, la realizaci\u00f3n de acciones de comunicaci\u00f3n comercial y la respuesta a consultas y sugerencias, siendo obligatorio su consentimiento, que es causa legitima de dicho tratamiento. De no prestarlo no podremos atender su solicitud. Estos datos se conservaran por tiempo indefinido en tanto no manifieste su voluntad en contra.<\/p>\n<p>Sus datos no se ceder\u00e1n a ninguna entidad sin su consentimiento previo.<\/p>\n<p>Puede ejercitar los derechos de acceso, rectificaci\u00f3n, limitaci\u00f3n de tratamiento, supresi\u00f3n, portabilidad, cancelaci\u00f3n y revocar el consentimiento prestado, dirigiendo escrito con copia de su DNI a la direcci\u00f3n anteriormente citada o al correo electr\u00f3nico: <strong>laura@moldesura.com.<\/strong><\/p>\n<p>Tambi\u00e9n podr\u00e1 en caso de no ver atendidos sus derechos presentar su reclamaci\u00f3n a la Agencia Espa\u00f1ola de Protecci\u00f3n de Datos.<\/p>\n<p>&nbsp;<\/p>\n<h2><strong>Varios<\/strong><\/h2>\n<p><strong>A.-<\/strong> Cookies:<\/p>\n<p>Podemos recabar informaci\u00f3n sobre su ordenador, incluido, en su caso, su direcci\u00f3n de IP, sistema operativo y tipo de navegador, para la administraci\u00f3n del sistema. Se trata de datos estad\u00edsticos sobre c\u00f3mo navegar por nuestro sitio Web.<\/p>\n<p>Por la misma raz\u00f3n, podemos obtener informaci\u00f3n sobre su uso general de Internet mediante un archivo de Cookies que se almacena en el disco duro de su ordenador. Las Cookies contienen informaci\u00f3n que se transfiere al disco duro de su ordenador.<\/p>\n<p>Las Cookies nos ayudan a mejorar nuestro sitio Web y a prestar un servicio mejor y m\u00e1s personalizado. En concreto, nos permiten:<\/p>\n<ul>\n<li>Hacer una estimaci\u00f3n sobre n\u00fameros y patrones de uso.<\/li>\n<li>Almacenar informaci\u00f3n acerca de sus preferencias y personalizar nuestro sitio web de conformidad con sus intereses individuales.<\/li>\n<li>Acelerar sus b\u00fasquedas.<\/li>\n<li>Reconocerle cuando regrese de nuevo a nuestro sitio.<\/li>\n<\/ul>\n<p>Puede negarse a aceptar Cookies activando la configuraci\u00f3n en su navegador que permite rechazar las Cookies No obstante, si selecciona esta configuraci\u00f3n, quiz\u00e1s no pueda acceder a determinadas partes del Sitio Web o no pueda aprovecharse de alguno de nuestros servicios. A menos que haya ajustado la configuraci\u00f3n de su navegador de forma que rechace Cookies, nuestro sistema producir\u00e1 Cookies cuando se conecte a nuestro sitio.<\/p>\n<p><strong>B.<\/strong>&#8211; <strong>MOLDES URA, S.L.U.<\/strong> podr\u00e1 modificar, sin previo aviso, la informaci\u00f3n contenida en su sitio web, as\u00ed como su configuraci\u00f3n y presentaci\u00f3n.<\/p>\n<p><strong>C.<\/strong>&#8211; <strong>MOLDES URA, S.L.U.<\/strong> se compromete a trav\u00e9s de este medio a NO REALIZAR PUBLICIDAD ENGA\u00d1OSA. A estos efectos, por lo tanto, no ser\u00e1n considerados como publicidad enga\u00f1osa los errores formales o num\u00e9ricos que puedan encontrarse a lo largo del contenido de las distintas secciones de la web de <strong>MOLDES URA, S.L.U.<\/strong> producidos como consecuencia de un mantenimiento y\/o actualizaci\u00f3n incompleta o defectuosa de la informaci\u00f3n contenida en estas secciones. <strong>MOLDES URA, S.L.U.<\/strong> como consecuencia de lo dispuesto en este apartado, se compromete a corregirlo tan pronto como tenga conocimiento de dichos errores.<\/p>\n<p><strong>D<\/strong>.- <strong>MOLDES URA, S.L.U.<\/strong> se compromete a NO REMITIR COMUNICACIONES COMERCIALES SIN IDENTIFICARLAS COMO TALES, conforme a lo dispuesto en la Ley 34\/2002 de Servicios de la Sociedad de la Informaci\u00f3n y de comercio electr\u00f3nico. A estos efectos no ser\u00e1 considerado como comunicaci\u00f3n comercial toda la informaci\u00f3n que se env\u00ede a LOS CLIENTES de <strong>MOLDES URA, S.L.U.<\/strong> siempre que tenga por finalidad el mantenimiento de la relaci\u00f3n contractual existente entre cliente y <strong>MOLDES URA, S.L.U.<\/strong>, as\u00ed como el desempe\u00f1o de las tareas de informaci\u00f3n, formaci\u00f3n y otras actividades propias del servicio que el cliente tiene contratado con la empresa.<\/p>\n<p><strong>E.<\/strong>&#8211; <strong><em>MOLDES URA, S.L.U.<\/em><\/strong> no se hace responsable del incumplimiento de cualquier norma aplicable en que pueda incurrir el usuario en su acceso al sitio web el presente sitio web y\/o en el uso de las informaciones contenidas en el mismo.<\/p>\n<p><strong>F.<\/strong>&#8211; <strong>MOLDES URA, S.L.U.<\/strong> no ser\u00e1 responsable de los da\u00f1os y perjuicios producidos o que puedan producirse, cualquiera que sea su naturaleza, que se deriven del uso de la informaci\u00f3n, de las materias contenidas en este web site y de los programas que incorpora. Los enlaces (links) e hipertexto que posibiliten, a trav\u00e9s del sitio web el presente sitio web, acceder al usuario a prestaciones y servicios ofrecidos por terceros, no pertenecen ni se encuentran bajo el control de <strong>MOLDES URA, S.L.U.<\/strong>; dicha entidad no se hace responsable ni de la informaci\u00f3n contenida en los mismos, ni de cualesquiera efectos que pudieran derivarse de dicha informaci\u00f3n.<\/p>\n<p><strong>G.<\/strong>&#8211; <strong>MOLDES URA, S.L.U.<\/strong> no se hace responsable del uso ileg\u00edtimo que terceras personas puedan hacer de los nombres de marca, nombres de producto, marcas comerciales que, no siendo propiedad de dicha entidad, aparezcan en el presente sitio web. Tampoco se responsabiliza de la integridad, veracidad y licitud del contenido de los enlaces a las webs a las que pueda accederse desde el presente sitio web.<\/p>\n<p><strong>H.<\/strong>&#8211; En definitiva, el Usuario es el \u00fanico responsable del uso que realice de los servicios, contenidos, enlaces (links) e hipertexto incluidos en el sitio web el presente sitio web.<\/p>","protected":false},"excerpt":{"rendered":"<p>Datos de la empresa En cumplimiento del art\u00edculo 10 de la Ley 34\/2002, de 11 de julio, de Servicios de la Sociedad de la Informaci\u00f3n y Comercio Electr\u00f3nico, a continuaci\u00f3n se exponen los datos identificativos de la empresa. Denominaci\u00f3n social: MOLDES URA, S.L.U. C.I.F.\/N.I.F.: B48889075 Domicilio Social: P.I. Ugaldeguren II,<\/p>\n","protected":false},"author":4,"featured_media":0,"parent":0,"menu_order":0,"comment_status":"closed","ping_status":"closed","template":"","meta":{"footnotes":""},"class_list":["post-427","page","type-page","status-publish","hentry"],"yoast_head":"<!-- This site is optimized with the Yoast SEO plugin v27.2 - https:\/\/yoast.com\/product\/yoast-seo-wordpress\/ -->\n<title>Aviso Legal - Moldes Ura<\/title>\n<meta name=\"robots\" content=\"index, follow, max-snippet:-1, max-image-preview:large, max-video-preview:-1\" \/>\n<link rel=\"canonical\" href=\"https:\/\/www.moldesura.com\/aviso-legal\/\" \/>\n<meta property=\"og:locale\" content=\"en_US\" \/>\n<meta property=\"og:type\" content=\"article\" \/>\n<meta property=\"og:title\" content=\"Aviso Legal - Moldes Ura\" \/>\n<meta property=\"og:description\" content=\"Datos de la empresa En cumplimiento del art\u00edculo 10 de la Ley 34\/2002, de 11 de julio, de Servicios de la Sociedad de la Informaci\u00f3n y Comercio Electr\u00f3nico, a continuaci\u00f3n se exponen los datos identificativos de la empresa. Denominaci\u00f3n social: MOLDES URA, S.L.U. C.I.F.\/N.I.F.: B48889075 Domicilio Social: P.I. Ugaldeguren II,\" \/>\n<meta property=\"og:url\" content=\"https:\/\/www.moldesura.com\/aviso-legal\/\" \/>\n<meta property=\"og:site_name\" content=\"Moldes Ura\" \/>\n<meta property=\"article:modified_time\" content=\"2022-10-19T07:46:17+00:00\" \/>\n<meta name=\"twitter:label1\" content=\"Est. reading time\" \/>\n\t<meta name=\"twitter:data1\" content=\"5 minutes\" \/>\n<script type=\"application\/ld+json\" class=\"yoast-schema-graph\">{\"@context\":\"https:\/\/schema.org\",\"@graph\":[{\"@type\":\"WebPage\",\"@id\":\"https:\/\/www.moldesura.com\/aviso-legal\/\",\"url\":\"https:\/\/www.moldesura.com\/aviso-legal\/\",\"name\":\"Aviso Legal - Moldes Ura\",\"isPartOf\":{\"@id\":\"https:\/\/www.moldesura.com\/en\/#website\"},\"datePublished\":\"2019-12-12T10:03:17+00:00\",\"dateModified\":\"2022-10-19T07:46:17+00:00\",\"breadcrumb\":{\"@id\":\"https:\/\/www.moldesura.com\/aviso-legal\/#breadcrumb\"},\"inLanguage\":\"en-US\",\"potentialAction\":[{\"@type\":\"ReadAction\",\"target\":[\"https:\/\/www.moldesura.com\/aviso-legal\/\"]}]},{\"@type\":\"BreadcrumbList\",\"@id\":\"https:\/\/www.moldesura.com\/aviso-legal\/#breadcrumb\",\"itemListElement\":[{\"@type\":\"ListItem\",\"position\":1,\"name\":\"Portada\",\"item\":\"https:\/\/www.moldesura.com\/en\/\"},{\"@type\":\"ListItem\",\"position\":2,\"name\":\"Aviso Legal\"}]},{\"@type\":\"WebSite\",\"@id\":\"https:\/\/www.moldesura.com\/en\/#website\",\"url\":\"https:\/\/www.moldesura.com\/en\/\",\"name\":\"Moldes Ura\",\"description\":\"Dise\u00f1o y fabricaci\u00f3n de moldes de inyecci\u00f3n en Zamudio (Bizkaia)\",\"potentialAction\":[{\"@type\":\"SearchAction\",\"target\":{\"@type\":\"EntryPoint\",\"urlTemplate\":\"https:\/\/www.moldesura.com\/en\/?s={search_term_string}\"},\"query-input\":{\"@type\":\"PropertyValueSpecification\",\"valueRequired\":true,\"valueName\":\"search_term_string\"}}],\"inLanguage\":\"en-US\"}]}<\/script>\n<!-- \/ Yoast SEO plugin. -->","yoast_head_json":{"title":"Aviso Legal - Moldes Ura","robots":{"index":"index","follow":"follow","max-snippet":"max-snippet:-1","max-image-preview":"max-image-preview:large","max-video-preview":"max-video-preview:-1"},"canonical":"https:\/\/www.moldesura.com\/aviso-legal\/","og_locale":"en_US","og_type":"article","og_title":"Aviso Legal - Moldes Ura","og_description":"Datos de la empresa En cumplimiento del art\u00edculo 10 de la Ley 34\/2002, de 11 de julio, de Servicios de la Sociedad de la Informaci\u00f3n y Comercio Electr\u00f3nico, a continuaci\u00f3n se exponen los datos identificativos de la empresa. Denominaci\u00f3n social: MOLDES URA, S.L.U. C.I.F.\/N.I.F.: B48889075 Domicilio Social: P.I. Ugaldeguren II,","og_url":"https:\/\/www.moldesura.com\/aviso-legal\/","og_site_name":"Moldes Ura","article_modified_time":"2022-10-19T07:46:17+00:00","twitter_misc":{"Est. reading time":"5 minutes"},"schema":{"@context":"https:\/\/schema.org","@graph":[{"@type":"WebPage","@id":"https:\/\/www.moldesura.com\/aviso-legal\/","url":"https:\/\/www.moldesura.com\/aviso-legal\/","name":"Aviso Legal - Moldes Ura","isPartOf":{"@id":"https:\/\/www.moldesura.com\/en\/#website"},"datePublished":"2019-12-12T10:03:17+00:00","dateModified":"2022-10-19T07:46:17+00:00","breadcrumb":{"@id":"https:\/\/www.moldesura.com\/aviso-legal\/#breadcrumb"},"inLanguage":"en-US","potentialAction":[{"@type":"ReadAction","target":["https:\/\/www.moldesura.com\/aviso-legal\/"]}]},{"@type":"BreadcrumbList","@id":"https:\/\/www.moldesura.com\/aviso-legal\/#breadcrumb","itemListElement":[{"@type":"ListItem","position":1,"name":"Portada","item":"https:\/\/www.moldesura.com\/en\/"},{"@type":"ListItem","position":2,"name":"Aviso Legal"}]},{"@type":"WebSite","@id":"https:\/\/www.moldesura.com\/en\/#website","url":"https:\/\/www.moldesura.com\/en\/","name":"Moldes Ura","description":"Dise\u00f1o y fabricaci\u00f3n de moldes de inyecci\u00f3n en Zamudio (Bizkaia)","potentialAction":[{"@type":"SearchAction","target":{"@type":"EntryPoint","urlTemplate":"https:\/\/www.moldesura.com\/en\/?s={search_term_string}"},"query-input":{"@type":"PropertyValueSpecification","valueRequired":true,"valueName":"search_term_string"}}],"inLanguage":"en-US"}]}},"_links":{"self":[{"href":"https:\/\/www.moldesura.com\/en\/wp-json\/wp\/v2\/pages\/427","targetHints":{"allow":["GET"]}}],"collection":[{"href":"https:\/\/www.moldesura.com\/en\/wp-json\/wp\/v2\/pages"}],"about":[{"href":"https:\/\/www.moldesura.com\/en\/wp-json\/wp\/v2\/types\/page"}],"author":[{"embeddable":true,"href":"https:\/\/www.moldesura.com\/en\/wp-json\/wp\/v2\/users\/4"}],"replies":[{"embeddable":true,"href":"https:\/\/www.moldesura.com\/en\/wp-json\/wp\/v2\/comments?post=427"}],"version-history":[{"count":9,"href":"https:\/\/www.moldesura.com\/en\/wp-json\/wp\/v2\/pages\/427\/revisions"}],"predecessor-version":[{"id":535,"href":"https:\/\/www.moldesura.com\/en\/wp-json\/wp\/v2\/pages\/427\/revisions\/535"}],"wp:attachment":[{"href":"https:\/\/www.moldesura.com\/en\/wp-json\/wp\/v2\/media?parent=427"}],"curies":[{"name":"wp","href":"https:\/\/api.w.org\/{rel}","templated":true}]}}