












{"id":280,"date":"2015-04-20T10:27:49","date_gmt":"2015-04-20T10:27:49","guid":{"rendered":"http:\/\/www.moldesura.com\/?page_id=280"},"modified":"2021-05-21T08:10:56","modified_gmt":"2021-05-21T08:10:56","slug":"presentacion-2","status":"publish","type":"page","link":"https:\/\/www.moldesura.com\/en\/presentacion-2\/","title":{"rendered":"Introduction"},"content":{"rendered":"<p><\/p>\n<p style=\"text-align: justify;\"><img loading=\"lazy\" decoding=\"async\" class=\"alignleft wp-image-127\" src=\"http:\/\/www.moldesura.com\/wp-content\/uploads\/2015\/02\/presentacion_02-e1423476411979.png\" alt=\"Moldes Ura presentaci\u00f3n\" width=\"472\" height=\"364\" \/><\/p>\n<p style=\"text-align: justify;\"><strong>The main target of the company is to take care not only of our customers but also of the products we make from scratch<\/strong><\/p>\n<p style=\"text-align: justify;\"><strong>Moldes URA<\/strong> employs 25 people in total aimed to design and manufacture:<\/p>\n<ul>\n<li style=\"text-align: justify;\">Plastic injection moulds<\/li>\n<li style=\"text-align: justify;\">Plastic injection moulds to chromed parts<\/li>\n<li style=\"text-align: justify;\">Rubber injection moulds<\/li>\n<li style=\"text-align: justify;\">Aluminium die casting moulds<\/li>\n<li style=\"text-align: justify;\">Modifications of all the former ones<\/li>\n<\/ul>\n<p style=\"text-align: justify;\"><strong>Maximun size: up to 15 tons<\/strong><\/p>\n<p style=\"text-align: justify;\">More products available<\/p>\n<ul>\n<li style=\"text-align: justify;\">SMC compression moulds<\/li>\n<li style=\"text-align: justify;\">Different kind of mechanization Works for the Aeronatic sector, among others<\/li>\n<\/ul>\n<p style=\"text-align: justify;\"><strong>Our main clients are in the transport sector, white goods, electricity sector and tertiary sector.:<\/strong><\/p>\n<p style=\"text-align: justify;\"><div class=\"ezcol ezcol-one-fifth\"><a href=\"https:\/\/www.moldesura.com\/wp-content\/uploads\/2021\/05\/escuela-politecnica-superior.jpg\"><img loading=\"lazy\" decoding=\"async\" width=\"388\" height=\"105\" class=\"alignnone wp-image-493 size-full\" src=\"https:\/\/www.moldesura.com\/wp-content\/uploads\/2021\/05\/escuela-politecnica-superior.jpg\" alt=\"\" srcset=\"https:\/\/www.moldesura.com\/wp-content\/uploads\/2021\/05\/escuela-politecnica-superior.jpg 388w, https:\/\/www.moldesura.com\/wp-content\/uploads\/2021\/05\/escuela-politecnica-superior-300x81.jpg 300w\" sizes=\"auto, (max-width: 388px) 100vw, 388px\" \/><\/a><\/div><\/p>\n<p style=\"text-align: justify;\"><div class=\"ezcol ezcol-one-fifth\"><a href=\"https:\/\/www.moldesura.com\/wp-content\/uploads\/2021\/05\/fainsa.jpg\"><img loading=\"lazy\" decoding=\"async\" width=\"220\" height=\"105\" class=\"alignnone wp-image-494 size-full\" src=\"https:\/\/www.moldesura.com\/wp-content\/uploads\/2021\/05\/fainsa.jpg\" alt=\"\" \/><\/a><\/div><\/p>\n<p style=\"text-align: justify;\"><div class=\"ezcol ezcol-one-fifth\"><a href=\"https:\/\/www.moldesura.com\/wp-content\/uploads\/2021\/05\/cosmos.jpg\"><img loading=\"lazy\" decoding=\"async\" width=\"388\" height=\"105\" class=\"alignnone wp-image-495 size-full\" src=\"https:\/\/www.moldesura.com\/wp-content\/uploads\/2021\/05\/cosmos.jpg\" alt=\"\" srcset=\"https:\/\/www.moldesura.com\/wp-content\/uploads\/2021\/05\/cosmos.jpg 388w, https:\/\/www.moldesura.com\/wp-content\/uploads\/2021\/05\/cosmos-300x81.jpg 300w\" sizes=\"auto, (max-width: 388px) 100vw, 388px\" \/><\/a><\/div><\/p>\n<p style=\"text-align: justify;\"><div class=\"ezcol ezcol-one-fifth\"><img loading=\"lazy\" decoding=\"async\" class=\"alignnone size-full wp-image-170\" src=\"http:\/\/www.moldesura.com\/wp-content\/uploads\/2015\/02\/alinar.jpg\" alt=\"Alinar, die casting\" width=\"130\" height=\"105\" \/><\/div><\/p>\n<p style=\"text-align: justify;\"><div class=\"ezcol ezcol-one-fifth\"><img loading=\"lazy\" decoding=\"async\" class=\"alignnone size-full wp-image-170\" src=\"http:\/\/www.moldesura.com\/wp-content\/uploads\/2015\/02\/efibat.png\" alt=\"Efibat\" width=\"130\" height=\"105\" \/><\/div><\/p>\n<p style=\"text-align: justify;\"><div class=\"ezcol ezcol-one-fifth\"><img loading=\"lazy\" decoding=\"async\" class=\"alignnone size-full wp-image-170\" src=\"http:\/\/www.moldesura.com\/wp-content\/uploads\/2015\/02\/magdalena.png\" alt=\"La Magdalena\" width=\"130\" height=\"105\" \/><\/div><\/p>\n<p style=\"text-align: justify;\"><div class=\"ezcol ezcol-one-fifth\"><img loading=\"lazy\" decoding=\"async\" class=\"alignnone size-full wp-image-170\" src=\"http:\/\/www.moldesura.com\/wp-content\/uploads\/2015\/02\/gaiker.png\" alt=\"Gaiker\" width=\"130\" height=\"105\" \/><\/div><\/p>\n<p style=\"text-align: justify;\"><div class=\"ezcol ezcol-one-fifth\"><img loading=\"lazy\" decoding=\"async\" class=\"alignnone size-full wp-image-170\" src=\"http:\/\/www.moldesura.com\/wp-content\/uploads\/2015\/02\/saeta.png\" alt=\"Saeta\" width=\"130\" height=\"105\" \/><\/div><\/p>\n<p style=\"text-align: justify;\"><div class=\"ezcol ezcol-one-fifth\"><img loading=\"lazy\" decoding=\"async\" class=\"alignnone size-full wp-image-161\" src=\"http:\/\/www.moldesura.com\/wp-content\/uploads\/2015\/02\/srg-global.png\" alt=\"SRG Global\" width=\"130\" height=\"105\" \/><\/div><\/p>\n<p style=\"text-align: justify;\"><div class=\"ezcol ezcol-one-fifth\"><img loading=\"lazy\" decoding=\"async\" class=\"alignnone size-full wp-image-169\" src=\"http:\/\/www.moldesura.com\/wp-content\/uploads\/2015\/02\/buruplast.png\" alt=\"Buruplast\" width=\"130\" height=\"105\" \/><\/div><\/p>\n<p style=\"text-align: justify;\"><div class=\"ezcol ezcol-one-fifth\"><img loading=\"lazy\" decoding=\"async\" class=\"alignnone wp-image-167 size-full\" src=\"http:\/\/www.moldesura.com\/wp-content\/uploads\/2015\/02\/maier.png\" alt=\"Maier\" width=\"130\" height=\"105\" \/><\/div><\/p>\n<p style=\"text-align: justify;\"><div class=\"ezcol ezcol-one-fifth\"><img loading=\"lazy\" decoding=\"async\" class=\"alignnone size-full wp-image-165\" src=\"http:\/\/www.moldesura.com\/wp-content\/uploads\/2015\/02\/hutchinson.png\" alt=\"Hutchinson\" width=\"130\" height=\"105\" \/><\/div><\/p>\n<p style=\"text-align: justify;\"><div class=\"ezcol ezcol-one-fifth\"><img loading=\"lazy\" decoding=\"async\" class=\"alignnone size-full wp-image-163\" src=\"http:\/\/www.moldesura.com\/wp-content\/uploads\/2015\/02\/cicaucho.png\" alt=\"Cikaucho\" width=\"130\" height=\"105\" \/><\/div><\/p>\n<p style=\"text-align: justify;\"><div class=\"ezcol ezcol-one-fifth ezcol-last\"><\/div><div class=\"ezcol-divider\"><\/div><\/p>\n<p><\/p>","protected":false},"excerpt":{"rendered":"<p>The main target of the company is to take care not only of our customers but also of the products we make from scratch Moldes URA employs 25 people in total aimed to design and manufacture: Plastic injection moulds Plastic injection moulds to chromed parts Rubber injection moulds Aluminium die<\/p>\n","protected":false},"author":2,"featured_media":0,"parent":0,"menu_order":0,"comment_status":"closed","ping_status":"closed","template":"","meta":{"footnotes":""},"class_list":["post-280","page","type-page","status-publish","hentry"],"yoast_head":"<!-- This site is optimized with the Yoast SEO plugin v27.2 - https:\/\/yoast.com\/product\/yoast-seo-wordpress\/ -->\n<title>Moldes Ura, en Zamudio (Bizkaia)<\/title>\n<meta name=\"description\" content=\"Dise\u00f1o y fabricaci\u00f3n de moldes de pl\u00e1stico, caucho, aluminio, poliester y compresi\u00f3n. Piezas cromadas. Modificaci\u00f3n de moldes. Desde mediados de los a\u00f1os 70\" \/>\n<meta name=\"robots\" content=\"index, follow, max-snippet:-1, max-image-preview:large, max-video-preview:-1\" \/>\n<link rel=\"canonical\" href=\"https:\/\/www.moldesura.com\/en\/presentacion-2\/\" \/>\n<meta property=\"og:locale\" content=\"en_US\" \/>\n<meta property=\"og:type\" content=\"article\" \/>\n<meta property=\"og:title\" content=\"Moldes Ura, en Zamudio (Bizkaia)\" \/>\n<meta property=\"og:description\" content=\"Dise\u00f1o y fabricaci\u00f3n de moldes de pl\u00e1stico, caucho, aluminio, poliester y compresi\u00f3n. Piezas cromadas. Modificaci\u00f3n de moldes. Desde mediados de los a\u00f1os 70\" \/>\n<meta property=\"og:url\" content=\"https:\/\/www.moldesura.com\/en\/presentacion-2\/\" \/>\n<meta property=\"og:site_name\" content=\"Moldes Ura\" \/>\n<meta property=\"article:modified_time\" content=\"2021-05-21T08:10:56+00:00\" \/>\n<meta property=\"og:image\" content=\"http:\/\/www.moldesura.com\/wp-content\/uploads\/2015\/02\/presentacion_02-e1423476411979.png\" \/>\n<meta name=\"twitter:label1\" content=\"Est. reading time\" \/>\n\t<meta name=\"twitter:data1\" content=\"4 minutes\" \/>\n<script type=\"application\/ld+json\" class=\"yoast-schema-graph\">{\"@context\":\"https:\/\/schema.org\",\"@graph\":[{\"@type\":\"WebPage\",\"@id\":\"https:\/\/www.moldesura.com\/en\/presentacion-2\/\",\"url\":\"https:\/\/www.moldesura.com\/en\/presentacion-2\/\",\"name\":\"Moldes Ura, en Zamudio (Bizkaia)\",\"isPartOf\":{\"@id\":\"https:\/\/www.moldesura.com\/en\/#website\"},\"primaryImageOfPage\":{\"@id\":\"https:\/\/www.moldesura.com\/en\/presentacion-2\/#primaryimage\"},\"image\":{\"@id\":\"https:\/\/www.moldesura.com\/en\/presentacion-2\/#primaryimage\"},\"thumbnailUrl\":\"http:\/\/www.moldesura.com\/wp-content\/uploads\/2015\/02\/presentacion_02-e1423476411979.png\",\"datePublished\":\"2015-04-20T10:27:49+00:00\",\"dateModified\":\"2021-05-21T08:10:56+00:00\",\"description\":\"Dise\u00f1o y fabricaci\u00f3n de moldes de pl\u00e1stico, caucho, aluminio, poliester y compresi\u00f3n. Piezas cromadas. Modificaci\u00f3n de moldes. Desde mediados de los a\u00f1os 70\",\"breadcrumb\":{\"@id\":\"https:\/\/www.moldesura.com\/en\/presentacion-2\/#breadcrumb\"},\"inLanguage\":\"en-US\",\"potentialAction\":[{\"@type\":\"ReadAction\",\"target\":[\"https:\/\/www.moldesura.com\/en\/presentacion-2\/\"]}]},{\"@type\":\"ImageObject\",\"inLanguage\":\"en-US\",\"@id\":\"https:\/\/www.moldesura.com\/en\/presentacion-2\/#primaryimage\",\"url\":\"http:\/\/www.moldesura.com\/wp-content\/uploads\/2015\/02\/presentacion_02-e1423476411979.png\",\"contentUrl\":\"http:\/\/www.moldesura.com\/wp-content\/uploads\/2015\/02\/presentacion_02-e1423476411979.png\"},{\"@type\":\"BreadcrumbList\",\"@id\":\"https:\/\/www.moldesura.com\/en\/presentacion-2\/#breadcrumb\",\"itemListElement\":[{\"@type\":\"ListItem\",\"position\":1,\"name\":\"Portada\",\"item\":\"https:\/\/www.moldesura.com\/en\/\"},{\"@type\":\"ListItem\",\"position\":2,\"name\":\"Introduction\"}]},{\"@type\":\"WebSite\",\"@id\":\"https:\/\/www.moldesura.com\/en\/#website\",\"url\":\"https:\/\/www.moldesura.com\/en\/\",\"name\":\"Moldes Ura\",\"description\":\"Dise\u00f1o y fabricaci\u00f3n de moldes de inyecci\u00f3n en Zamudio (Bizkaia)\",\"potentialAction\":[{\"@type\":\"SearchAction\",\"target\":{\"@type\":\"EntryPoint\",\"urlTemplate\":\"https:\/\/www.moldesura.com\/en\/?s={search_term_string}\"},\"query-input\":{\"@type\":\"PropertyValueSpecification\",\"valueRequired\":true,\"valueName\":\"search_term_string\"}}],\"inLanguage\":\"en-US\"}]}<\/script>\n<!-- \/ Yoast SEO plugin. -->","yoast_head_json":{"title":"Moldes Ura, en Zamudio (Bizkaia)","description":"Dise\u00f1o y fabricaci\u00f3n de moldes de pl\u00e1stico, caucho, aluminio, poliester y compresi\u00f3n. Piezas cromadas. Modificaci\u00f3n de moldes. Desde mediados de los a\u00f1os 70","robots":{"index":"index","follow":"follow","max-snippet":"max-snippet:-1","max-image-preview":"max-image-preview:large","max-video-preview":"max-video-preview:-1"},"canonical":"https:\/\/www.moldesura.com\/en\/presentacion-2\/","og_locale":"en_US","og_type":"article","og_title":"Moldes Ura, en Zamudio (Bizkaia)","og_description":"Dise\u00f1o y fabricaci\u00f3n de moldes de pl\u00e1stico, caucho, aluminio, poliester y compresi\u00f3n. Piezas cromadas. Modificaci\u00f3n de moldes. Desde mediados de los a\u00f1os 70","og_url":"https:\/\/www.moldesura.com\/en\/presentacion-2\/","og_site_name":"Moldes Ura","article_modified_time":"2021-05-21T08:10:56+00:00","og_image":[{"url":"http:\/\/www.moldesura.com\/wp-content\/uploads\/2015\/02\/presentacion_02-e1423476411979.png","type":"","width":"","height":""}],"twitter_misc":{"Est. reading time":"4 minutes"},"schema":{"@context":"https:\/\/schema.org","@graph":[{"@type":"WebPage","@id":"https:\/\/www.moldesura.com\/en\/presentacion-2\/","url":"https:\/\/www.moldesura.com\/en\/presentacion-2\/","name":"Moldes Ura, en Zamudio (Bizkaia)","isPartOf":{"@id":"https:\/\/www.moldesura.com\/en\/#website"},"primaryImageOfPage":{"@id":"https:\/\/www.moldesura.com\/en\/presentacion-2\/#primaryimage"},"image":{"@id":"https:\/\/www.moldesura.com\/en\/presentacion-2\/#primaryimage"},"thumbnailUrl":"http:\/\/www.moldesura.com\/wp-content\/uploads\/2015\/02\/presentacion_02-e1423476411979.png","datePublished":"2015-04-20T10:27:49+00:00","dateModified":"2021-05-21T08:10:56+00:00","description":"Dise\u00f1o y fabricaci\u00f3n de moldes de pl\u00e1stico, caucho, aluminio, poliester y compresi\u00f3n. Piezas cromadas. Modificaci\u00f3n de moldes. Desde mediados de los a\u00f1os 70","breadcrumb":{"@id":"https:\/\/www.moldesura.com\/en\/presentacion-2\/#breadcrumb"},"inLanguage":"en-US","potentialAction":[{"@type":"ReadAction","target":["https:\/\/www.moldesura.com\/en\/presentacion-2\/"]}]},{"@type":"ImageObject","inLanguage":"en-US","@id":"https:\/\/www.moldesura.com\/en\/presentacion-2\/#primaryimage","url":"http:\/\/www.moldesura.com\/wp-content\/uploads\/2015\/02\/presentacion_02-e1423476411979.png","contentUrl":"http:\/\/www.moldesura.com\/wp-content\/uploads\/2015\/02\/presentacion_02-e1423476411979.png"},{"@type":"BreadcrumbList","@id":"https:\/\/www.moldesura.com\/en\/presentacion-2\/#breadcrumb","itemListElement":[{"@type":"ListItem","position":1,"name":"Portada","item":"https:\/\/www.moldesura.com\/en\/"},{"@type":"ListItem","position":2,"name":"Introduction"}]},{"@type":"WebSite","@id":"https:\/\/www.moldesura.com\/en\/#website","url":"https:\/\/www.moldesura.com\/en\/","name":"Moldes Ura","description":"Dise\u00f1o y fabricaci\u00f3n de moldes de inyecci\u00f3n en Zamudio (Bizkaia)","potentialAction":[{"@type":"SearchAction","target":{"@type":"EntryPoint","urlTemplate":"https:\/\/www.moldesura.com\/en\/?s={search_term_string}"},"query-input":{"@type":"PropertyValueSpecification","valueRequired":true,"valueName":"search_term_string"}}],"inLanguage":"en-US"}]}},"_links":{"self":[{"href":"https:\/\/www.moldesura.com\/en\/wp-json\/wp\/v2\/pages\/280","targetHints":{"allow":["GET"]}}],"collection":[{"href":"https:\/\/www.moldesura.com\/en\/wp-json\/wp\/v2\/pages"}],"about":[{"href":"https:\/\/www.moldesura.com\/en\/wp-json\/wp\/v2\/types\/page"}],"author":[{"embeddable":true,"href":"https:\/\/www.moldesura.com\/en\/wp-json\/wp\/v2\/users\/2"}],"replies":[{"embeddable":true,"href":"https:\/\/www.moldesura.com\/en\/wp-json\/wp\/v2\/comments?post=280"}],"version-history":[{"count":35,"href":"https:\/\/www.moldesura.com\/en\/wp-json\/wp\/v2\/pages\/280\/revisions"}],"predecessor-version":[{"id":505,"href":"https:\/\/www.moldesura.com\/en\/wp-json\/wp\/v2\/pages\/280\/revisions\/505"}],"wp:attachment":[{"href":"https:\/\/www.moldesura.com\/en\/wp-json\/wp\/v2\/media?parent=280"}],"curies":[{"name":"wp","href":"https:\/\/api.w.org\/{rel}","templated":true}]}}