












{"id":184,"date":"2015-02-09T11:02:02","date_gmt":"2015-02-09T11:02:02","guid":{"rendered":"http:\/\/www.moldesura.com\/?page_id=184"},"modified":"2015-04-21T09:54:54","modified_gmt":"2015-04-21T09:54:54","slug":"piezas-de-compresion-de-poliester","status":"publish","type":"page","link":"https:\/\/www.moldesura.com\/en\/piezas-de-compresion-de-poliester\/","title":{"rendered":"SMC compression parts"},"content":{"rendered":"<p style=\"text-align: center;\"><img loading=\"lazy\" decoding=\"async\" class=\"aligncenter size-full wp-image-209\" src=\"http:\/\/www.moldesura.com\/wp-content\/uploads\/2015\/02\/pieza_poliester_01.jpg\" alt=\"Pieza de compresi\u00f3n de poliester\" width=\"567\" height=\"722\" srcset=\"https:\/\/www.moldesura.com\/wp-content\/uploads\/2015\/02\/pieza_poliester_01.jpg 567w, https:\/\/www.moldesura.com\/wp-content\/uploads\/2015\/02\/pieza_poliester_01-236x300.jpg 236w\" sizes=\"auto, (max-width: 567px) 100vw, 567px\" \/><\/p>\n","protected":false},"excerpt":{"rendered":"","protected":false},"author":2,"featured_media":0,"parent":0,"menu_order":0,"comment_status":"closed","ping_status":"open","template":"","meta":{"footnotes":""},"class_list":["post-184","page","type-page","status-publish","hentry"],"yoast_head":"<!-- This site is optimized with the Yoast SEO plugin v27.2 - https:\/\/yoast.com\/product\/yoast-seo-wordpress\/ -->\n<title>SMC compression parts - Moldes Ura<\/title>\n<meta name=\"description\" content=\"Piezas de compresi\u00f3n de poliester. Dise\u00f1o y fabricaci\u00f3n y modificaci\u00f3n de moldes para piezas de compresi\u00f3n de poliester en Zamudio (Bizkaia).\" \/>\n<meta name=\"robots\" content=\"index, follow, max-snippet:-1, max-image-preview:large, max-video-preview:-1\" \/>\n<link rel=\"canonical\" href=\"https:\/\/www.moldesura.com\/piezas-de-compresion-de-poliester\/\" \/>\n<meta property=\"og:locale\" content=\"en_US\" \/>\n<meta property=\"og:type\" content=\"article\" \/>\n<meta property=\"og:title\" content=\"SMC compression parts - Moldes Ura\" \/>\n<meta property=\"og:description\" content=\"Piezas de compresi\u00f3n de poliester. Dise\u00f1o y fabricaci\u00f3n y modificaci\u00f3n de moldes para piezas de compresi\u00f3n de poliester en Zamudio (Bizkaia).\" \/>\n<meta property=\"og:url\" content=\"https:\/\/www.moldesura.com\/piezas-de-compresion-de-poliester\/\" \/>\n<meta property=\"og:site_name\" content=\"Moldes Ura\" \/>\n<meta property=\"article:modified_time\" content=\"2015-04-21T09:54:54+00:00\" \/>\n<meta property=\"og:image\" content=\"http:\/\/www.moldesura.com\/wp-content\/uploads\/2015\/02\/pieza_poliester_01.jpg\" \/>\n<script type=\"application\/ld+json\" class=\"yoast-schema-graph\">{\"@context\":\"https:\/\/schema.org\",\"@graph\":[{\"@type\":\"WebPage\",\"@id\":\"https:\/\/www.moldesura.com\/piezas-de-compresion-de-poliester\/\",\"url\":\"https:\/\/www.moldesura.com\/piezas-de-compresion-de-poliester\/\",\"name\":\"SMC compression parts - Moldes Ura\",\"isPartOf\":{\"@id\":\"https:\/\/www.moldesura.com\/en\/#website\"},\"primaryImageOfPage\":{\"@id\":\"https:\/\/www.moldesura.com\/piezas-de-compresion-de-poliester\/#primaryimage\"},\"image\":{\"@id\":\"https:\/\/www.moldesura.com\/piezas-de-compresion-de-poliester\/#primaryimage\"},\"thumbnailUrl\":\"http:\/\/www.moldesura.com\/wp-content\/uploads\/2015\/02\/pieza_poliester_01.jpg\",\"datePublished\":\"2015-02-09T11:02:02+00:00\",\"dateModified\":\"2015-04-21T09:54:54+00:00\",\"description\":\"Piezas de compresi\u00f3n de poliester. Dise\u00f1o y fabricaci\u00f3n y modificaci\u00f3n de moldes para piezas de compresi\u00f3n de poliester en Zamudio (Bizkaia).\",\"breadcrumb\":{\"@id\":\"https:\/\/www.moldesura.com\/piezas-de-compresion-de-poliester\/#breadcrumb\"},\"inLanguage\":\"en-US\",\"potentialAction\":[{\"@type\":\"ReadAction\",\"target\":[\"https:\/\/www.moldesura.com\/piezas-de-compresion-de-poliester\/\"]}]},{\"@type\":\"ImageObject\",\"inLanguage\":\"en-US\",\"@id\":\"https:\/\/www.moldesura.com\/piezas-de-compresion-de-poliester\/#primaryimage\",\"url\":\"http:\/\/www.moldesura.com\/wp-content\/uploads\/2015\/02\/pieza_poliester_01.jpg\",\"contentUrl\":\"http:\/\/www.moldesura.com\/wp-content\/uploads\/2015\/02\/pieza_poliester_01.jpg\"},{\"@type\":\"BreadcrumbList\",\"@id\":\"https:\/\/www.moldesura.com\/piezas-de-compresion-de-poliester\/#breadcrumb\",\"itemListElement\":[{\"@type\":\"ListItem\",\"position\":1,\"name\":\"Portada\",\"item\":\"https:\/\/www.moldesura.com\/en\/\"},{\"@type\":\"ListItem\",\"position\":2,\"name\":\"Piezas de compresi\u00f3n de poliester\"}]},{\"@type\":\"WebSite\",\"@id\":\"https:\/\/www.moldesura.com\/en\/#website\",\"url\":\"https:\/\/www.moldesura.com\/en\/\",\"name\":\"Moldes Ura\",\"description\":\"Dise\u00f1o y fabricaci\u00f3n de moldes de inyecci\u00f3n en Zamudio (Bizkaia)\",\"potentialAction\":[{\"@type\":\"SearchAction\",\"target\":{\"@type\":\"EntryPoint\",\"urlTemplate\":\"https:\/\/www.moldesura.com\/en\/?s={search_term_string}\"},\"query-input\":{\"@type\":\"PropertyValueSpecification\",\"valueRequired\":true,\"valueName\":\"search_term_string\"}}],\"inLanguage\":\"en-US\"}]}<\/script>\n<!-- \/ Yoast SEO plugin. -->","yoast_head_json":{"title":"SMC compression parts - Moldes Ura","description":"Piezas de compresi\u00f3n de poliester. Dise\u00f1o y fabricaci\u00f3n y modificaci\u00f3n de moldes para piezas de compresi\u00f3n de poliester en Zamudio (Bizkaia).","robots":{"index":"index","follow":"follow","max-snippet":"max-snippet:-1","max-image-preview":"max-image-preview:large","max-video-preview":"max-video-preview:-1"},"canonical":"https:\/\/www.moldesura.com\/piezas-de-compresion-de-poliester\/","og_locale":"en_US","og_type":"article","og_title":"SMC compression parts - Moldes Ura","og_description":"Piezas de compresi\u00f3n de poliester. Dise\u00f1o y fabricaci\u00f3n y modificaci\u00f3n de moldes para piezas de compresi\u00f3n de poliester en Zamudio (Bizkaia).","og_url":"https:\/\/www.moldesura.com\/piezas-de-compresion-de-poliester\/","og_site_name":"Moldes Ura","article_modified_time":"2015-04-21T09:54:54+00:00","og_image":[{"url":"http:\/\/www.moldesura.com\/wp-content\/uploads\/2015\/02\/pieza_poliester_01.jpg","type":"","width":"","height":""}],"schema":{"@context":"https:\/\/schema.org","@graph":[{"@type":"WebPage","@id":"https:\/\/www.moldesura.com\/piezas-de-compresion-de-poliester\/","url":"https:\/\/www.moldesura.com\/piezas-de-compresion-de-poliester\/","name":"SMC compression parts - Moldes Ura","isPartOf":{"@id":"https:\/\/www.moldesura.com\/en\/#website"},"primaryImageOfPage":{"@id":"https:\/\/www.moldesura.com\/piezas-de-compresion-de-poliester\/#primaryimage"},"image":{"@id":"https:\/\/www.moldesura.com\/piezas-de-compresion-de-poliester\/#primaryimage"},"thumbnailUrl":"http:\/\/www.moldesura.com\/wp-content\/uploads\/2015\/02\/pieza_poliester_01.jpg","datePublished":"2015-02-09T11:02:02+00:00","dateModified":"2015-04-21T09:54:54+00:00","description":"Piezas de compresi\u00f3n de poliester. Dise\u00f1o y fabricaci\u00f3n y modificaci\u00f3n de moldes para piezas de compresi\u00f3n de poliester en Zamudio (Bizkaia).","breadcrumb":{"@id":"https:\/\/www.moldesura.com\/piezas-de-compresion-de-poliester\/#breadcrumb"},"inLanguage":"en-US","potentialAction":[{"@type":"ReadAction","target":["https:\/\/www.moldesura.com\/piezas-de-compresion-de-poliester\/"]}]},{"@type":"ImageObject","inLanguage":"en-US","@id":"https:\/\/www.moldesura.com\/piezas-de-compresion-de-poliester\/#primaryimage","url":"http:\/\/www.moldesura.com\/wp-content\/uploads\/2015\/02\/pieza_poliester_01.jpg","contentUrl":"http:\/\/www.moldesura.com\/wp-content\/uploads\/2015\/02\/pieza_poliester_01.jpg"},{"@type":"BreadcrumbList","@id":"https:\/\/www.moldesura.com\/piezas-de-compresion-de-poliester\/#breadcrumb","itemListElement":[{"@type":"ListItem","position":1,"name":"Portada","item":"https:\/\/www.moldesura.com\/en\/"},{"@type":"ListItem","position":2,"name":"Piezas de compresi\u00f3n de poliester"}]},{"@type":"WebSite","@id":"https:\/\/www.moldesura.com\/en\/#website","url":"https:\/\/www.moldesura.com\/en\/","name":"Moldes Ura","description":"Dise\u00f1o y fabricaci\u00f3n de moldes de inyecci\u00f3n en Zamudio (Bizkaia)","potentialAction":[{"@type":"SearchAction","target":{"@type":"EntryPoint","urlTemplate":"https:\/\/www.moldesura.com\/en\/?s={search_term_string}"},"query-input":{"@type":"PropertyValueSpecification","valueRequired":true,"valueName":"search_term_string"}}],"inLanguage":"en-US"}]}},"_links":{"self":[{"href":"https:\/\/www.moldesura.com\/en\/wp-json\/wp\/v2\/pages\/184","targetHints":{"allow":["GET"]}}],"collection":[{"href":"https:\/\/www.moldesura.com\/en\/wp-json\/wp\/v2\/pages"}],"about":[{"href":"https:\/\/www.moldesura.com\/en\/wp-json\/wp\/v2\/types\/page"}],"author":[{"embeddable":true,"href":"https:\/\/www.moldesura.com\/en\/wp-json\/wp\/v2\/users\/2"}],"replies":[{"embeddable":true,"href":"https:\/\/www.moldesura.com\/en\/wp-json\/wp\/v2\/comments?post=184"}],"version-history":[{"count":3,"href":"https:\/\/www.moldesura.com\/en\/wp-json\/wp\/v2\/pages\/184\/revisions"}],"predecessor-version":[{"id":313,"href":"https:\/\/www.moldesura.com\/en\/wp-json\/wp\/v2\/pages\/184\/revisions\/313"}],"wp:attachment":[{"href":"https:\/\/www.moldesura.com\/en\/wp-json\/wp\/v2\/media?parent=184"}],"curies":[{"name":"wp","href":"https:\/\/api.w.org\/{rel}","templated":true}]}}