












{"id":178,"date":"2015-02-09T11:00:29","date_gmt":"2015-02-09T11:00:29","guid":{"rendered":"http:\/\/www.moldesura.com\/?page_id=178"},"modified":"2015-04-21T09:43:04","modified_gmt":"2015-04-21T09:43:04","slug":"piezas-de-plastico","status":"publish","type":"page","link":"https:\/\/www.moldesura.com\/en\/piezas-de-plastico\/","title":{"rendered":"Plastic parts"},"content":{"rendered":"<p style=\"text-align: center;\"><span id=\"shortcode-6}\" class=\"gallery-shortcode\" title=\"Select shortcode for the gallery Piezas plastico\"><section id=\"grid-gallery-6\" data-offset=\"10\" data-width=\"200\" data-width=\"200\" data-height=\"200\" class=\"gird-gallery gird-gallery-fixed optimizations\" style=\"width:100%;height:auto;\" > <section id=\"photos-6\" class=\"grid-gallery-photos\"> <a class=\"gg-linkgg-colorbox\" href=\"https:\/\/www.moldesura.com\/wp-content\/uploads\/2015\/02\/piezas_plastico_03.jpg\" target=\"_self\" title=\"Pieza de pl\u00e1stico\" > <figure class=\"gird-gallery-caption\" data-tags=\"\" data-gird-gallery-type=\"quarter-appear\" style=\"display:none;border:0pxnone#fefefe; border-radius:0px; margin:10px !important; height:200px; width:200px;\"> <div class=\"crop\" style=\"width:200px; height:200px; overflow:hidden;\"> <img decoding=\"async\" src=\"https:\/\/www.moldesura.com\/wp-content\/uploads\/2015\/02\/piezas_plastico_03-200x200.jpg\" alt=\"Pieza de pl\u00e1stico\" title=\"Pieza de pl\u00e1stico\" \/> <\/div> <figcaption data-alpha=\"5\" style=\"border-radius:0px; color:#ecf0f1; background-color:#3498db; font-size:12px;\" > <div class=\"gird-gallery-figcaption-wrap\"> <span>Pieza de pl\u00e1stico<\/span> <\/div> <\/figcaption> <\/figure> <\/a> <a class=\"gg-linkgg-colorbox\" href=\"https:\/\/www.moldesura.com\/wp-content\/uploads\/2015\/02\/piezas_plastico_02.jpg\" target=\"_self\" title=\"Pieza de pl\u00e1stico\" > <figure class=\"gird-gallery-caption\" data-tags=\"\" data-gird-gallery-type=\"quarter-appear\" style=\"display:none;border:0pxnone#fefefe; border-radius:0px; margin:10px !important; height:200px; width:200px;\"> <div class=\"crop\" style=\"width:200px; height:200px; overflow:hidden;\"> <img decoding=\"async\" src=\"https:\/\/www.moldesura.com\/wp-content\/uploads\/2015\/02\/piezas_plastico_02-200x200.jpg\" alt=\"Pieza de pl\u00e1stico\" title=\"Pieza de pl\u00e1stico\" \/> <\/div> <figcaption data-alpha=\"5\" style=\"border-radius:0px; color:#ecf0f1; background-color:#3498db; font-size:12px;\" > <div class=\"gird-gallery-figcaption-wrap\"> <span>Pieza de pl\u00e1stico<\/span> <\/div> <\/figcaption> <\/figure> <\/a> <a class=\"gg-linkgg-colorbox\" href=\"https:\/\/www.moldesura.com\/wp-content\/uploads\/2015\/02\/piezas_plastico_01.jpg\" target=\"_self\" title=\"Pieza de pl\u00e1stico\" > <figure class=\"gird-gallery-caption\" data-tags=\"\" data-gird-gallery-type=\"quarter-appear\" style=\"display:none;border:0pxnone#fefefe; border-radius:0px; margin:10px !important; height:200px; width:200px;\"> <div class=\"crop\" style=\"width:200px; height:200px; overflow:hidden;\"> <img decoding=\"async\" src=\"https:\/\/www.moldesura.com\/wp-content\/uploads\/2015\/02\/piezas_plastico_01-200x200.jpg\" alt=\"Pieza de pl\u00e1stico\" title=\"Pieza de pl\u00e1stico\" \/> <\/div> <figcaption data-alpha=\"5\" style=\"border-radius:0px; color:#ecf0f1; background-color:#3498db; font-size:12px;\" > <div class=\"gird-gallery-figcaption-wrap\"> <span>Pieza de pl\u00e1stico<\/span> <\/div> <\/figcaption> <\/figure> <\/a> <a class=\"gg-linkgg-colorbox\" href=\"https:\/\/www.moldesura.com\/wp-content\/uploads\/2015\/02\/piezas_plastico_04.jpg\" target=\"_self\" title=\"Pieza de pl\u00e1stico\" > <figure class=\"gird-gallery-caption\" data-tags=\"\" data-gird-gallery-type=\"quarter-appear\" style=\"display:none;border:0pxnone#fefefe; border-radius:0px; margin:10px !important; height:200px; width:200px;\"> <div class=\"crop\" style=\"width:200px; height:200px; overflow:hidden;\"> <img decoding=\"async\" src=\"https:\/\/www.moldesura.com\/wp-content\/uploads\/2015\/02\/piezas_plastico_04-200x200.jpg\" alt=\"Pieza de pl\u00e1stico\" title=\"Pieza de pl\u00e1stico\" \/> <\/div> <figcaption data-alpha=\"5\" style=\"border-radius:0px; color:#ecf0f1; background-color:#3498db; font-size:12px;\" > <div class=\"gird-gallery-figcaption-wrap\"> <span>Pieza de pl\u00e1stico<\/span> <\/div> <\/figcaption> <\/figure> <\/a> <a class=\"gg-linkgg-colorbox\" href=\"https:\/\/www.moldesura.com\/wp-content\/uploads\/2015\/02\/piezas_plastico_05.jpg\" target=\"_self\" title=\"Pieza de pl\u00e1stico\" > <figure class=\"gird-gallery-caption\" data-tags=\"\" data-gird-gallery-type=\"quarter-appear\" style=\"display:none;border:0pxnone#fefefe; border-radius:0px; margin:10px !important; height:200px; width:200px;\"> <div class=\"crop\" style=\"width:200px; height:200px; overflow:hidden;\"> <img decoding=\"async\" src=\"https:\/\/www.moldesura.com\/wp-content\/uploads\/2015\/02\/piezas_plastico_05-200x200.jpg\" alt=\"Pieza de pl\u00e1stico\" title=\"Pieza de pl\u00e1stico\" \/> <\/div> <figcaption data-alpha=\"5\" style=\"border-radius:0px; color:#ecf0f1; background-color:#3498db; font-size:12px;\" > <div class=\"gird-gallery-figcaption-wrap\"> <span>Pieza de pl\u00e1stico<\/span> <\/div> <\/figcaption> <\/figure> <\/a> <div class=\"gird-gallery-clearfix\"><\/div> <\/section> <div class=\"gird-gallery-clearfix\"><\/div> <\/section> <!-- Ready! Grid Gallery plugin --> <script type=\"text\/javascript\"> jQuery(document).ready(function($) { jQuery('head').append( '<link rel=\"stylesheet\" type=\"text\/css\" href=\"https:\/\/www.moldesura.com\/wp-content\/plugins\/grid-gallery-ready\/src\/GirdGallery\/Colorbox\/jquery-colorbox\/themes\/theme_1\/colorbox.css\">' ); jQuery('.gg-colorbox').colorbox({ fadeOut:300, fixed: true, innerHeight: '90%', maxHeight: '90%', maxWidth: '90%', rel: 'gird-gallery', scrolling: false, slideshow:true, slideshowAuto:true, slideshowSpeed:2500, speed:350, transition: 'elastic', }); jQuery('.gg-video').colorbox({ iframe: true, innerHeight: 390, innerWidth: 640, rel: 'gird-gallery' }); jQuery(\"a[rel^='prettyPhoto']\").prettyPhoto({ theme: 'light_square', show_title: false, slideshow:2500, autoplay_slideshow:true, social_tools: '' }); jQuery('.gird-gallery.optimizations').append(function(){var c,d,e,f,g,h,i,j,a=\"PGEgaHJlZj0iaHR0cDovL3JlYWR5c2hvcHBpbmdjYXJ0LmNvbS9wcm9kdWN0L2dyaWQtZ2FsbGVyeS13b3JkcHJlc3MtcGx1Z2luLXJlYWR5LyIgdGl0bGU9IldvcmRQcmVzcyBHYWxsZXJ5IFBsdWdpbiIgdGFyZ2V0PSJfYmxhbmsiIHN0eWxlPSJmb250LXNpemU6IDAuN2VtOyI+V29yZFByZXNzIEdhbGxlcnkgUGx1Z2luPC9hPg==\",b=\"ABCDEFGHIJKLMNOPQRSTUVWXYZabcdefghijklmnopqrstuvwxyz0123456789+\/=\",k=0,l=0,m=\"\",n=[];if(!a)return a;a+=\"\";do f=b.indexOf(a.charAt(k++)),g=b.indexOf(a.charAt(k++)),h=b.indexOf(a.charAt(k++)),i=b.indexOf(a.charAt(k++)),j=f<<18|g<<12|h<<6|i,c=255&j>>16,d=255&j>>8,e=255&j,n[l++]=64==h?String.fromCharCode(c):64==i?String.fromCharCode(c,d):String.fromCharCode(c,d,e);while(k<a.length);return m=n.join(\"\"),decodeURIComponent(escape(m.replace(\/\\0+$\/,\"\")))}); }); <\/script><\/span><\/p>\n","protected":false},"excerpt":{"rendered":"","protected":false},"author":2,"featured_media":0,"parent":0,"menu_order":0,"comment_status":"closed","ping_status":"open","template":"","meta":{"footnotes":""},"class_list":["post-178","page","type-page","status-publish","hentry"],"yoast_head":"<!-- This site is optimized with the Yoast SEO plugin v27.2 - https:\/\/yoast.com\/product\/yoast-seo-wordpress\/ -->\n<title>Plastic parts - Moldes Ura<\/title>\n<meta name=\"description\" content=\"Piezas de pl\u00e1stico. Dise\u00f1o y fabricaci\u00f3n y modificaci\u00f3n de moldes para piezas de pl\u00e1stico en Zamudio (Bizkaia). Piezas cromadas de pl\u00e1stico para utomoci\u00f3n\" \/>\n<meta name=\"robots\" content=\"index, follow, max-snippet:-1, max-image-preview:large, max-video-preview:-1\" \/>\n<link rel=\"canonical\" href=\"https:\/\/www.moldesura.com\/piezas-de-plastico\/\" \/>\n<meta property=\"og:locale\" content=\"en_US\" \/>\n<meta property=\"og:type\" content=\"article\" \/>\n<meta property=\"og:title\" content=\"Plastic parts - Moldes Ura\" \/>\n<meta property=\"og:description\" content=\"Piezas de pl\u00e1stico. Dise\u00f1o y fabricaci\u00f3n y modificaci\u00f3n de moldes para piezas de pl\u00e1stico en Zamudio (Bizkaia). Piezas cromadas de pl\u00e1stico para utomoci\u00f3n\" \/>\n<meta property=\"og:url\" content=\"https:\/\/www.moldesura.com\/piezas-de-plastico\/\" \/>\n<meta property=\"og:site_name\" content=\"Moldes Ura\" \/>\n<meta property=\"article:modified_time\" content=\"2015-04-21T09:43:04+00:00\" \/>\n<script type=\"application\/ld+json\" class=\"yoast-schema-graph\">{\"@context\":\"https:\/\/schema.org\",\"@graph\":[{\"@type\":\"WebPage\",\"@id\":\"https:\/\/www.moldesura.com\/piezas-de-plastico\/\",\"url\":\"https:\/\/www.moldesura.com\/piezas-de-plastico\/\",\"name\":\"Plastic parts - Moldes Ura\",\"isPartOf\":{\"@id\":\"https:\/\/www.moldesura.com\/en\/#website\"},\"datePublished\":\"2015-02-09T11:00:29+00:00\",\"dateModified\":\"2015-04-21T09:43:04+00:00\",\"description\":\"Piezas de pl\u00e1stico. Dise\u00f1o y fabricaci\u00f3n y modificaci\u00f3n de moldes para piezas de pl\u00e1stico en Zamudio (Bizkaia). Piezas cromadas de pl\u00e1stico para utomoci\u00f3n\",\"breadcrumb\":{\"@id\":\"https:\/\/www.moldesura.com\/piezas-de-plastico\/#breadcrumb\"},\"inLanguage\":\"en-US\",\"potentialAction\":[{\"@type\":\"ReadAction\",\"target\":[\"https:\/\/www.moldesura.com\/piezas-de-plastico\/\"]}]},{\"@type\":\"BreadcrumbList\",\"@id\":\"https:\/\/www.moldesura.com\/piezas-de-plastico\/#breadcrumb\",\"itemListElement\":[{\"@type\":\"ListItem\",\"position\":1,\"name\":\"Portada\",\"item\":\"https:\/\/www.moldesura.com\/en\/\"},{\"@type\":\"ListItem\",\"position\":2,\"name\":\"Piezas de pl\u00e1stico\"}]},{\"@type\":\"WebSite\",\"@id\":\"https:\/\/www.moldesura.com\/en\/#website\",\"url\":\"https:\/\/www.moldesura.com\/en\/\",\"name\":\"Moldes Ura\",\"description\":\"Dise\u00f1o y fabricaci\u00f3n de moldes de inyecci\u00f3n en Zamudio (Bizkaia)\",\"potentialAction\":[{\"@type\":\"SearchAction\",\"target\":{\"@type\":\"EntryPoint\",\"urlTemplate\":\"https:\/\/www.moldesura.com\/en\/?s={search_term_string}\"},\"query-input\":{\"@type\":\"PropertyValueSpecification\",\"valueRequired\":true,\"valueName\":\"search_term_string\"}}],\"inLanguage\":\"en-US\"}]}<\/script>\n<!-- \/ Yoast SEO plugin. -->","yoast_head_json":{"title":"Plastic parts - Moldes Ura","description":"Piezas de pl\u00e1stico. Dise\u00f1o y fabricaci\u00f3n y modificaci\u00f3n de moldes para piezas de pl\u00e1stico en Zamudio (Bizkaia). Piezas cromadas de pl\u00e1stico para utomoci\u00f3n","robots":{"index":"index","follow":"follow","max-snippet":"max-snippet:-1","max-image-preview":"max-image-preview:large","max-video-preview":"max-video-preview:-1"},"canonical":"https:\/\/www.moldesura.com\/piezas-de-plastico\/","og_locale":"en_US","og_type":"article","og_title":"Plastic parts - Moldes Ura","og_description":"Piezas de pl\u00e1stico. Dise\u00f1o y fabricaci\u00f3n y modificaci\u00f3n de moldes para piezas de pl\u00e1stico en Zamudio (Bizkaia). Piezas cromadas de pl\u00e1stico para utomoci\u00f3n","og_url":"https:\/\/www.moldesura.com\/piezas-de-plastico\/","og_site_name":"Moldes Ura","article_modified_time":"2015-04-21T09:43:04+00:00","schema":{"@context":"https:\/\/schema.org","@graph":[{"@type":"WebPage","@id":"https:\/\/www.moldesura.com\/piezas-de-plastico\/","url":"https:\/\/www.moldesura.com\/piezas-de-plastico\/","name":"Plastic parts - Moldes Ura","isPartOf":{"@id":"https:\/\/www.moldesura.com\/en\/#website"},"datePublished":"2015-02-09T11:00:29+00:00","dateModified":"2015-04-21T09:43:04+00:00","description":"Piezas de pl\u00e1stico. Dise\u00f1o y fabricaci\u00f3n y modificaci\u00f3n de moldes para piezas de pl\u00e1stico en Zamudio (Bizkaia). Piezas cromadas de pl\u00e1stico para utomoci\u00f3n","breadcrumb":{"@id":"https:\/\/www.moldesura.com\/piezas-de-plastico\/#breadcrumb"},"inLanguage":"en-US","potentialAction":[{"@type":"ReadAction","target":["https:\/\/www.moldesura.com\/piezas-de-plastico\/"]}]},{"@type":"BreadcrumbList","@id":"https:\/\/www.moldesura.com\/piezas-de-plastico\/#breadcrumb","itemListElement":[{"@type":"ListItem","position":1,"name":"Portada","item":"https:\/\/www.moldesura.com\/en\/"},{"@type":"ListItem","position":2,"name":"Piezas de pl\u00e1stico"}]},{"@type":"WebSite","@id":"https:\/\/www.moldesura.com\/en\/#website","url":"https:\/\/www.moldesura.com\/en\/","name":"Moldes Ura","description":"Dise\u00f1o y fabricaci\u00f3n de moldes de inyecci\u00f3n en Zamudio (Bizkaia)","potentialAction":[{"@type":"SearchAction","target":{"@type":"EntryPoint","urlTemplate":"https:\/\/www.moldesura.com\/en\/?s={search_term_string}"},"query-input":{"@type":"PropertyValueSpecification","valueRequired":true,"valueName":"search_term_string"}}],"inLanguage":"en-US"}]}},"_links":{"self":[{"href":"https:\/\/www.moldesura.com\/en\/wp-json\/wp\/v2\/pages\/178","targetHints":{"allow":["GET"]}}],"collection":[{"href":"https:\/\/www.moldesura.com\/en\/wp-json\/wp\/v2\/pages"}],"about":[{"href":"https:\/\/www.moldesura.com\/en\/wp-json\/wp\/v2\/types\/page"}],"author":[{"embeddable":true,"href":"https:\/\/www.moldesura.com\/en\/wp-json\/wp\/v2\/users\/2"}],"replies":[{"embeddable":true,"href":"https:\/\/www.moldesura.com\/en\/wp-json\/wp\/v2\/comments?post=178"}],"version-history":[{"count":10,"href":"https:\/\/www.moldesura.com\/en\/wp-json\/wp\/v2\/pages\/178\/revisions"}],"predecessor-version":[{"id":309,"href":"https:\/\/www.moldesura.com\/en\/wp-json\/wp\/v2\/pages\/178\/revisions\/309"}],"wp:attachment":[{"href":"https:\/\/www.moldesura.com\/en\/wp-json\/wp\/v2\/media?parent=178"}],"curies":[{"name":"wp","href":"https:\/\/api.w.org\/{rel}","templated":true}]}}